{"id":1311,"date":"2021-04-27T07:28:07","date_gmt":"2021-04-27T07:28:07","guid":{"rendered":"https:\/\/thetelegraph.com.tr\/?page_id=1311"},"modified":"2025-04-18T14:59:19","modified_gmt":"2025-04-18T11:59:19","slug":"about-us","status":"publish","type":"page","link":"https:\/\/thetelegraph.com.tr\/de\/about-us\/","title":{"rendered":"\u00dcber uns"},"content":{"rendered":"<p>[vc_row css=&#8220;.vc_custom_1619509319604{margin-top: 30px !important;margin-bottom: 30px !important;}&#8220;][vc_column]<div class=\"hero cast-title title-smaller\">\u00dcBER THE TELEGRAPH REAL ESTATE &amp; INVESTMENT<\/div>[vc_column_text]The Telegraph Emlak ve Servis A.\u015e olarak; konusunda uzman ekibimizle, 10 y\u0131l\u0131 a\u015fk\u0131n tecr\u00fcbemizle hizmet vermekteyiz. 2017 y\u0131l\u0131nda ya\u015fad\u0131\u011f\u0131 de\u011fi\u015fimle, farkl\u0131 sekt\u00f6rlere de yat\u0131r\u0131m yaparak, The Teleraph Grup A.\u015e b\u00fcnyesinde \u0130n\u015faat, emlak, Restaurant, gayrimenk\u00fcl y\u00f6netimi, tesis y\u00f6netim hizmetleri ve concierge hizmetleri vererek s\u00fcrd\u00fcr\u00fclebilir b\u00fcy\u00fcmeyi hedef olarak g\u00f6rmektedir.[\/vc_column_text][\/vc_column][\/vc_row][vc_row][vc_column width=&#8220;1\/2&#8243;][vc_column_text]<\/p>\n<div class=\"group w-full text-gray-800 dark:text-gray-100 border-b border-black\/10 dark:border-gray-900\/50 bg-gray-50 dark:bg-[#444654]\">\n<div class=\"flex p-4 gap-4 text-base md:gap-6 md:max-w-2xl lg:max-w-[38rem] xl:max-w-3xl md:py-6 lg:px-0 m-auto\">\n<div class=\"relative flex w-[calc(100%-50px)] flex-col gap-1 md:gap-3 lg:w-[calc(100%-115px)]\">\n<div class=\"flex flex-grow flex-col gap-3\">\n<div class=\"min-h-[20px] flex flex-col items-start gap-4 whitespace-pre-wrap break-words\">\n<div class=\"markdown prose w-full break-words dark:prose-invert light\">\n<blockquote class=\"blockquote\">\n<footer class=\"blockquote-title\">\n<h3 class=\"black\"><strong>M\u0130SYONUMUZ<\/strong><\/h3>\n<\/footer>\n<\/blockquote>\n<p>Emlak sekt\u00f6r\u00fcnde verilen t\u00fcm hizmetlerin kalitesini y\u00fckselterek m\u00fc\u015fterilerimize hem al\u0131\u015f hem de sat\u0131\u015f konusunda en iyi hizmeti sa\u011flamakt\u0131r. Geli\u015ftirme faaliyetlerimiz \u00fcst d\u00fczey y\u00f6neticilerimiz tara\u0131ndan y\u00fcr\u00fct\u00fclmekte, \u015firket i\u00e7i pazar ara\u015ft\u0131rmas\u0131, finansal analiz, pazarlama i\u015flemleri ve m\u00fclk incelemesi ile desteklenmektedir. Birinci s\u0131n\u0131f insan ve finansal kaynaklar\u0131m\u0131z\u0131 t\u00fcm pazarlar\u0131m\u0131za adad\u0131k ve f\u0131rsatlar\u0131 h\u0131zl\u0131 ve verimli bir \u015fekilde tamamlama konusunda itibar kazanmaktad\u0131r.<\/p>\n<p>Planlama, geli\u015ftirme, proforma ve finansal analiz, in\u015faat ve pazarlama konusundaki kapsaml\u0131 anlay\u0131\u015f\u0131m\u0131z ile proaktif olarak, m\u00fc\u015fterilerimizin yeni f\u0131rsatlardan yararlanmas\u0131na odaklanmakt\u0131r.<\/p>\n<blockquote class=\"blockquote\">\n<footer class=\"blockquote-footer\">Emlak Sat\u0131\u015f Becerileri<\/footer>\n<footer class=\"blockquote-footer\">Profesyonel Sat\u0131\u015f teknikleri<\/footer>\n<footer class=\"blockquote-footer\">M\u00fc\u015fteri odakl\u0131 sat\u0131\u015f teknikleri<\/footer>\n<footer class=\"blockquote-footer\">Etkin pazarlama ve promosyon stratejileri<\/footer>\n<footer class=\"blockquote-footer\">Etkili sat\u0131\u015f becerileri<\/footer>\n<footer class=\"blockquote-footer\">\u0130\u015fletme Y\u00f6netimi<\/footer>\n<footer class=\"blockquote-footer\">Teknoloji kullan\u0131m\u0131 ve innovasyon<\/footer>\n<footer class=\"blockquote-footer\">Motivayon<\/footer>\n<\/blockquote>\n<blockquote class=\"blockquote\">\n<footer class=\"blockquote-title\">\n<h3 class=\"black\"><strong>V\u0130ZYONUMUZ<\/strong><\/h3>\n<\/footer>\n<\/blockquote>\n<p>Gayrimenkul al\u0131\u015f, sat\u0131\u015f ve kiralama konular\u0131nda m\u00fc\u015fterilerimize profesyonel \u00e7\u00f6z\u00fcm orta\u011f\u0131 olmay\u0131 hedefliyoruz. M\u00fc\u015fteri memnuniyeti i\u00e7in nitelikli, dinamik, proaktif, mesle\u011fine sayg\u0131 duyan ve konusunda know-how sahibi ekibimizle kurumsal bir \u015firket olarak faaliyetlerimizi s\u00fcrd\u00fcrmeyi hedefliyoruz.<\/p>\n<hr \/>\n<blockquote class=\"blockquote\">\n<footer class=\"blockquote-title\">\n<h3 class=\"black\"><strong>DE\u011eERLER\u0130M\u0130Z<\/strong><\/h3>\n<\/footer>\n<\/blockquote>\n<blockquote class=\"blockquote\">\n<footer class=\"blockquote-footer\">D\u00fcr\u00fcstl\u00fck<\/footer>\n<footer class=\"blockquote-footer\">\u015eeffafl\u0131k, hesap verebilirlik<\/footer>\n<footer class=\"blockquote-footer\">M\u00fckemmeliyet<\/footer>\n<footer class=\"blockquote-footer\">Memnuniyet<\/footer>\n<footer class=\"blockquote-footer\">M\u00fc\u015ferilerimize sorumluluk<\/footer>\n<footer class=\"blockquote-footer\">Yasalara sayg\u0131<\/footer>\n<footer class=\"blockquote-footer\">\u00c7evre bilinci<\/footer>\n<footer class=\"blockquote-footer\">Sosyal sorumluluk<\/footer>\n<\/blockquote>\n<\/div>\n<\/div>\n<\/div>\n<\/div>\n<\/div>\n<\/div>\n<p>[\/vc_column_text][\/vc_column][vc_column width=&#8220;1\/2&#8243;][vc_single_image image=&#8220;49588&#8243; img_size=&#8220;full&#8220;][\/vc_column][\/vc_row][vc_row full_width=&#8220;stretch_row&#8220; css=&#8220;.vc_custom_1742315024136{padding-bottom: 40px !important;background-color: #ffffff !important;}&#8220;][vc_column]<div class=\"hero cast-title title-smaller\">Unser Team<\/div>        <style>\n        .the-agent-thumbnail img {\n                object-fit: cover;\n               background: #fff;\n               height: auto;\n        }\n        .the-agent-inner {\n            border:1px #ccc solid;\n        }\n        .the-agent-content {\n            \/*    min-height: 245px;   *\/\n        }\n        .the-agent-thumbnail {\n            padding-bottom: 54%;\n        }\n\n        .the-agent-thumbnail img {\n            border-bottom: 4px solid #c09534;\n        }\n\n        .the-agent-thumbnail:after {\n            content: none;\n        }\n        .the-agent-content h4 {\n                \/*text-transform: uppercase;  *\/\n            text-shadow: 1px 0px 0px #03020178;\n            color: #c09534;\n        }\n        .agents-list.agent-dark .the-agent-inner {\n            border-radius: 35px;\n            overflow: hidden;\n        }\n        <\/style>\n        <div class=\"row agents-list agent-dark\">\n                        <div class=\"the-agent col-md-4\">\n                <div class=\"the-agent-inner\">\n                    <div class=\"the-agent-thumbnail\">\n                                                   <img decoding=\"async\" src=\"https:\/\/thetelegraph.com.tr\/wp-content\/uploads\/2025\/04\/no-image.png\" class=\"img-fluid\" alt=\"AL\u0130 Y\u00d6NET\">\n                    <\/div>\n\n                    <div class=\"the-agent-content\">\n                        <h4>AL\u0130 Y\u00d6NET<\/h4>\n\n                                                    <div class=\"agent-languages\">\n                                                            <ul>\n                                <li><img decoding=\"async\" src=\"\/wp-content\/plugins\/qtranslate-xt\/flags\/en.png\" \/><\/li><li><img decoding=\"async\" src=\"\/wp-content\/plugins\/qtranslate-xt\/flags\/de.png\" \/><\/li><li><img decoding=\"async\" src=\"\/wp-content\/plugins\/qtranslate-xt\/flags\/no.png\" \/><\/li><li><img decoding=\"async\" src=\"\/wp-content\/plugins\/qtranslate-xt\/flags\/tr.png\" \/><\/li>                            <\/ul>\n                                                        <\/div>\n                        \n                                                    <div class=\"agent-additional-fields\">\n                                <div class=\"agent-position\">CEO<\/div>\n                            <\/div>\n                        \n                        \n                        <div class=\"agent-contact\">\n                                                        <div><i class=\"fas fa-envelope\"><\/i><a href=\"mailto:ali@thetelegraph.com.tr\">ali@thetelegraph.com.tr<\/a><\/div>\n                                                        <div><i class=\"fas fa-phone\"><\/i><a href=\"tel:+905321722770\">+90 532 172 27 70<\/a><\/div>\n                                                        <div><i class=\"fab fa-whatsapp\"><\/i><a href=\"https:\/\/wa.me\/+905321722770\">+90 532 172 27 70<\/a><\/div>\n                                                    <\/div>\n\n                                                <div class=\"agent-social\">\n                            <ul class=\"agent-social-link\">\n                                                            <\/ul>\n                        <\/div>\n                                            <\/div>\n                <\/div>\n            <\/div>\n                    <\/div>\n        [\/vc_column][\/vc_row][vc_row][vc_column el_class=&#8220;listing-form-area&#8220;]<div class=\"hero text-left\">Kontaktieren Sie uns f\u00fcr eine individuelle Pr\u00e4sentation!<\/div>\n<div class=\"wpcf7 no-js\" id=\"wpcf7-f1171-o3\" lang=\"en-US\" dir=\"ltr\" data-wpcf7-id=\"1171\">\n<div class=\"screen-reader-response\"><p role=\"status\" aria-live=\"polite\" aria-atomic=\"true\"><\/p> <ul><\/ul><\/div>\n<form action=\"\/de\/wp-json\/wp\/v2\/pages\/1311#wpcf7-f1171-o3\" method=\"post\" class=\"wpcf7-form init\" aria-label=\"Contact form\" novalidate=\"novalidate\" data-status=\"init\">\n<fieldset class=\"hidden-fields-container\"><input type=\"hidden\" name=\"_wpcf7\" value=\"1171\" \/><input type=\"hidden\" name=\"_wpcf7_version\" value=\"6.1.5\" \/><input type=\"hidden\" name=\"_wpcf7_locale\" value=\"en_US\" \/><input type=\"hidden\" name=\"_wpcf7_unit_tag\" value=\"wpcf7-f1171-o3\" \/><input type=\"hidden\" name=\"_wpcf7_container_post\" value=\"0\" \/><input type=\"hidden\" name=\"_wpcf7_posted_data_hash\" value=\"\" \/><input type=\"hidden\" name=\"_wpcf7_recaptcha_response\" value=\"\" \/>\n<\/fieldset>\n<div class=\"fields fields-3\">\n\t<p><span class=\"wpcf7-form-control-wrap\" data-name=\"your-name\"><input size=\"40\" maxlength=\"400\" class=\"wpcf7-form-control wpcf7-text wpcf7-validates-as-required name\" aria-required=\"true\" aria-invalid=\"false\" placeholder=\"Name*\" value=\"\" type=\"text\" name=\"your-name\" \/><\/span><br \/>\n<span class=\"wpcf7-form-control-wrap\" data-name=\"your-email\"><input size=\"40\" maxlength=\"400\" class=\"wpcf7-form-control wpcf7-email wpcf7-validates-as-required wpcf7-text wpcf7-validates-as-email email\" aria-required=\"true\" aria-invalid=\"false\" placeholder=\"E-Mail*\" value=\"\" type=\"email\" name=\"your-email\" \/><\/span><br \/>\n<span class=\"wpcf7-form-control-wrap\" data-name=\"your-phone\"><input size=\"40\" maxlength=\"400\" class=\"wpcf7-form-control wpcf7-tel wpcf7-text wpcf7-validates-as-tel phone\" aria-invalid=\"false\" placeholder=\"Phone\" value=\"\" type=\"tel\" name=\"your-phone\" \/><\/span>\n\t<\/p>\n<\/div>\n<div class=\"fields fields-odd\">\n\t<p><span class=\"wpcf7-form-control-wrap\" data-name=\"your-question\"><input size=\"40\" maxlength=\"400\" class=\"wpcf7-form-control wpcf7-text wpcf7-validates-as-required question\" aria-required=\"true\" aria-invalid=\"false\" placeholder=\"Any Question?\" value=\"\" type=\"text\" name=\"your-question\" \/><\/span><br \/>\n<input class=\"wpcf7-form-control wpcf7-submit has-spinner\" type=\"submit\" value=\"Send\" \/>\n\t<\/p>\n<\/div><div class=\"wpcf7-response-output\" aria-hidden=\"true\"><\/div>\n<\/form>\n<\/div>\n[vc_empty_space][\/vc_column][\/vc_row]<\/p>","protected":false},"excerpt":{"rendered":"<p>[vc_row css=&#8220;.vc_custom_1619509319604{margin-top: 30px !important;margin-bottom: 30px !important;}&#8220;][vc_column][vc_column_text]The Telegraph Emlak ve Servis A.\u015e olarak; konusunda uzman ekibimizle, 10 y\u0131l\u0131 a\u015fk\u0131n tecr\u00fcbemizle hizmet vermekteyiz. 2017 y\u0131l\u0131nda ya\u015fad\u0131\u011f\u0131 de\u011fi\u015fimle, farkl\u0131 sekt\u00f6rlere de yat\u0131r\u0131m yaparak, The Teleraph Grup A.\u015e b\u00fcnyesinde \u0130n\u015faat, emlak, Restaurant, gayrimenk\u00fcl y\u00f6netimi, tesis y\u00f6netim hizmetleri ve concierge hizmetleri vererek s\u00fcrd\u00fcr\u00fclebilir b\u00fcy\u00fcmeyi hedef olarak g\u00f6rmektedir.[\/vc_column_text][\/vc_column][\/vc_row][vc_row][vc_column width=&#8220;1\/2&#8243;][vc_column_text] M\u0130SYONUMUZ Emlak [&hellip;]<\/p>\n","protected":false},"author":5,"featured_media":0,"parent":0,"menu_order":0,"comment_status":"closed","ping_status":"closed","template":"","meta":{"inline_featured_image":false,"footnotes":""},"class_list":["post-1311","page","type-page","status-publish","hentry"],"_links":{"self":[{"href":"https:\/\/thetelegraph.com.tr\/de\/wp-json\/wp\/v2\/pages\/1311","targetHints":{"allow":["GET"]}}],"collection":[{"href":"https:\/\/thetelegraph.com.tr\/de\/wp-json\/wp\/v2\/pages"}],"about":[{"href":"https:\/\/thetelegraph.com.tr\/de\/wp-json\/wp\/v2\/types\/page"}],"author":[{"embeddable":true,"href":"https:\/\/thetelegraph.com.tr\/de\/wp-json\/wp\/v2\/users\/5"}],"replies":[{"embeddable":true,"href":"https:\/\/thetelegraph.com.tr\/de\/wp-json\/wp\/v2\/comments?post=1311"}],"version-history":[{"count":3,"href":"https:\/\/thetelegraph.com.tr\/de\/wp-json\/wp\/v2\/pages\/1311\/revisions"}],"predecessor-version":[{"id":49964,"href":"https:\/\/thetelegraph.com.tr\/de\/wp-json\/wp\/v2\/pages\/1311\/revisions\/49964"}],"wp:attachment":[{"href":"https:\/\/thetelegraph.com.tr\/de\/wp-json\/wp\/v2\/media?parent=1311"}],"curies":[{"name":"wp","href":"https:\/\/api.w.org\/{rel}","templated":true}]}}