{"id":28349,"date":"2023-04-17T10:32:57","date_gmt":"2023-04-17T07:32:57","guid":{"rendered":"https:\/\/thetelegraph.com.tr\/?page_id=28349"},"modified":"2025-02-21T21:19:04","modified_gmt":"2025-02-21T18:19:04","slug":"jobb-med-oss","status":"publish","type":"page","link":"https:\/\/thetelegraph.com.tr\/de\/jobb-med-oss\/","title":{"rendered":"Arbeite mit uns"},"content":{"rendered":"<p>[vc_row][vc_column]<div class=\"hero default\">ARBEITE MIT UNS<\/div>[\/vc_column][\/vc_row][vc_row][vc_column][vc_column_text]<strong>M\u00f6chten Sie Teil eines f\u00fchrenden Teams in der Immobilienbranche sein?<\/strong><\/p>\n<p>The Telegraph ist ein junges und aufstrebendes Immobilienunternehmen in der T\u00fcrkei. Sie sind auch offizielle Partner von home City Alanya. (Seit 2003 auf dem Immobilienmarkt in Alanya).<\/p>\n<p><strong>Was Macht Uns Anders?<\/strong><\/p>\n<p>Wir kennen den Immobilienmarkt sehr gut. Mit einem professionellen Ansatz, indem wir uns um die W\u00fcnsche und Bed\u00fcrfnisse unserer Kunden k\u00fcmmern und nach dem Prinzip des 100% kundengl\u00fccks Arbeiten, unterscheiden wir uns von anderen Immobilienunternehmen.<\/p>\n<p><strong>Was Machen Wir?<\/strong><\/p>\n<p>Wir stehen unseren Kunden w\u00e4hrend des gesamten Prozesses zur Seite, von der Suche nach Ihrem Traumhaus bis zur Unterzeichnung der Tat und f\u00fchren Sie auf die genaueste Weise.<\/p>\n<p>Integrit\u00e4t, Nachhaltigkeit, Exzellenz, G\u00fcte und Innovation sind unsere Unternehmensgrunds\u00e4tze, die die Grundlage unseres Gesch\u00e4fts bilden. Wir gestalten unser Team nach diesen f\u00fcnf Grundprinzipien und achten darauf, dass alle unsere Stakeholder nach diesen Prinzipien arbeiten.<\/p>\n<p><strong>Unsere Arbeitsumgebung<\/strong><\/p>\n<p>Unser Unternehmen hat eine multikulturelle Struktur und wir haben ein breites Team aus vielen verschiedenen L\u00e4ndern. T\u00fcrkisch ist die gemeinsame Kommunikationssprache in allen unseren B\u00fcros, aber wir sprechen Deutsch, Russisch, Arabisch und Sprachen.<\/p>\n<p>Durch die Kombination unseres Experiments mit Technologie und einen innovativen Ansatz haben wir ein angenehmes, dynamisches und modernes Arbeitsumfeld geschaffen.<\/p>\n<p>Wir verwalten unser gesamtes Gesch\u00e4ft mit ma\u00dfgeschneiderter Software und Workflows, die auf die Bed\u00fcrfnisse unseres Unternehmens zugeschnitten sind.<\/p>\n<p><strong>Wir Wollen Die Ganze Welt Ersch\u00fcttern!<\/strong><\/p>\n<p>Als bey Property bem\u00fchen wir uns, unseren Mitarbeitern M\u00f6glichkeiten zu bieten, sich professionell zu entwickeln und sie zum Erfolg zu unterst\u00fctzen.<\/p>\n<p>Wenn sie offen f\u00fcr Lernen, bereit f\u00fcr Ver\u00e4nderungen und bereit sind, ihre Karriere in einem f\u00fchrenden Immobilienunternehmen auf eine weitere Stufe zu bringen, k\u00f6nnen Sie unsere offenen Positionen studieren und uns auf unserer Reise begleiten, um etwas zu bewegen.[\/vc_column_text][\/vc_column][\/vc_row]<\/p>","protected":false},"excerpt":{"rendered":"<p>[vc_row][vc_column][\/vc_column][\/vc_row][vc_row][vc_column][vc_column_text]M\u00f6chten Sie Teil eines f\u00fchrenden Teams in der Immobilienbranche sein? The Telegraph ist ein junges und aufstrebendes Immobilienunternehmen in der T\u00fcrkei. Sie sind auch offizielle Partner von home City Alanya. (Seit 2003 auf dem Immobilienmarkt in Alanya). Was Macht Uns Anders? Wir kennen den Immobilienmarkt sehr gut. Mit einem professionellen Ansatz, indem wir uns um [&hellip;]<\/p>\n","protected":false},"author":5,"featured_media":0,"parent":0,"menu_order":0,"comment_status":"closed","ping_status":"closed","template":"","meta":{"inline_featured_image":false,"footnotes":""},"class_list":["post-28349","page","type-page","status-publish","hentry"],"_links":{"self":[{"href":"https:\/\/thetelegraph.com.tr\/de\/wp-json\/wp\/v2\/pages\/28349","targetHints":{"allow":["GET"]}}],"collection":[{"href":"https:\/\/thetelegraph.com.tr\/de\/wp-json\/wp\/v2\/pages"}],"about":[{"href":"https:\/\/thetelegraph.com.tr\/de\/wp-json\/wp\/v2\/types\/page"}],"author":[{"embeddable":true,"href":"https:\/\/thetelegraph.com.tr\/de\/wp-json\/wp\/v2\/users\/5"}],"replies":[{"embeddable":true,"href":"https:\/\/thetelegraph.com.tr\/de\/wp-json\/wp\/v2\/comments?post=28349"}],"version-history":[{"count":1,"href":"https:\/\/thetelegraph.com.tr\/de\/wp-json\/wp\/v2\/pages\/28349\/revisions"}],"predecessor-version":[{"id":48731,"href":"https:\/\/thetelegraph.com.tr\/de\/wp-json\/wp\/v2\/pages\/28349\/revisions\/48731"}],"wp:attachment":[{"href":"https:\/\/thetelegraph.com.tr\/de\/wp-json\/wp\/v2\/media?parent=28349"}],"curies":[{"name":"wp","href":"https:\/\/api.w.org\/{rel}","templated":true}]}}