{"id":49505,"date":"2025-03-17T10:47:12","date_gmt":"2025-03-17T07:47:12","guid":{"rendered":"https:\/\/thetelegraph.com.tr\/?page_id=49505"},"modified":"2025-04-18T15:31:11","modified_gmt":"2025-04-18T12:31:11","slug":"management-services","status":"publish","type":"page","link":"https:\/\/thetelegraph.com.tr\/de\/management-services\/","title":{"rendered":"Immobilienverwaltung"},"content":{"rendered":"<p>[vc_row el_id=&#8220;complexpropertymanagement&#8220;][vc_column width=&#8220;1\/4&#8243;][vc_single_image image=&#8220;49508&#8243; img_size=&#8220;full&#8220;][\/vc_column][vc_column width=&#8220;3\/4&#8243;][vc_custom_heading text=&#8220;Komplexes Immobilienmanagement&#8220; use_theme_fonts=&#8220;yes&#8220;][vc_column_text]Mit unserem professionellen Personal und unserer Betriebserfahrung stellen wir sicher, dass der Komplex effektiv und wirtschaftlich verwaltet wird. Wir sorgen daf\u00fcr, dass die Gemeinschaftsbereiche erhalten bleiben und etwaige Probleme zeitnah und professionell gel\u00f6st werden. Wir arbeiten proaktiv daran, mit unserer Strategie und unserem professionellen Ansatz zur Zufriedenheit unserer Kunden beizutragen.[\/vc_column_text][\/vc_column][\/vc_row][vc_row el_id=&#8220;housecaremanagement&#8220;][vc_column width=&#8220;3\/4&#8243;][vc_custom_heading text=&#8220;H\u00e4usliches Pflegemanagement&#8220; use_theme_fonts=&#8220;yes&#8220;][vc_column_text]<\/p>\n<div id=\"house-care\" class=\"mt-subservice\">\n<div class=\"mt-service-sh\">\n<div class=\"mt-explain\">Unser Hauswartungsservice sorgt f\u00fcr regelm\u00e4\u00dfige Inspektionen Ihrer Wohnung, sodass Sie sicher sein k\u00f6nnen, dass es bei Ihrer Ankunft in Ihrem Zweitwohnsitz keine b\u00f6sen \u00dcberraschungen gibt. Wir k\u00f6nnen alle Ihre Fragen zur Hauswartung und -renovierung beantworten. Unser Service spart Ihnen als Kunde Zeit und stellt sicher, dass alles an seinem Platz ist. Sie k\u00f6nnen sicher sein, dass wir uns um Ihre Wohnung k\u00fcmmern, als w\u00e4re es unsere eigene. Wir bieten 3 verschiedene Pakete an: Basic, Silver und Gold, und Sie k\u00f6nnen je nach Bedarf w\u00e4hlen.<\/div>\n<\/div>\n<\/div>\n<div id=\"concierge-service\" class=\"mt-subservice\"><\/div>\n<p>[\/vc_column_text][\/vc_column][vc_column width=&#8220;1\/4&#8243;][vc_single_image image=&#8220;49510&#8243; img_size=&#8220;full&#8220;][\/vc_column][\/vc_row][vc_row el_id=&#8220;conciergeservicesmanagement&#8220;][vc_column width=&#8220;1\/4&#8243;][vc_single_image image=&#8220;49506&#8243; img_size=&#8220;full&#8220;][\/vc_column][vc_column width=&#8220;3\/4&#8243;][vc_custom_heading text=&#8220;Concierge-Service-Management&#8220; use_theme_fonts=&#8220;yes&#8220;][vc_column_text]Sie k\u00f6nnen uns Ihr Leben organisieren lassen, von Ihren t\u00e4glichen Routinen bis hin zu den wichtigen Ereignissen in Ihrem Leben. Wir k\u00f6nnen alles so arrangieren, dass Sie es einfach genie\u00dfen k\u00f6nnen. Sie k\u00f6nnen den Luxus der Zeit genie\u00dfen. Unser Concierge-Service bietet Ihnen einen au\u00dfergew\u00f6hnlichen Service, der sich auf Details und Proaktivit\u00e4t bei der Organisation Ihrer Arbeit und Ihrer Freizeit konzentriert. Um Ihnen das Leben zu erleichtern, bieten wir unseren pers\u00f6nlichen Concierge-Service an.[\/vc_column_text][\/vc_column][\/vc_row][vc_row el_id=&#8220;technicalservicesmanagement&#8220;][vc_column width=&#8220;3\/4&#8243;][vc_custom_heading text=&#8220;Technisches Servicemanagement&#8220; use_theme_fonts=&#8220;yes&#8220;][vc_column_text]<\/p>\n<div id=\"house-care\" class=\"mt-subservice\">\n<div class=\"mt-service-sh\">\n<div class=\"mt-explain\">\n<div id=\"techical-service\" class=\"mt-subservice\">\n<div class=\"mt-service-sh\">\n<div class=\"mt-explain\">Wir bieten alle Arten von technischen Dienstleistungen an, von denen wir wissen, dass sie f\u00fcr den reibungslosen Betrieb Ihres Geb\u00e4udes oder Ihrer Wohnanlage wichtig sind. Mit unserem professionellen und proaktiven Team erstellen wir Wartungspl\u00e4ne, t\u00e4gliche Betriebspl\u00e4ne, regelm\u00e4\u00dfige Wartungsarbeiten und l\u00f6sen Probleme mit allen elektronischen, mechanischen, Sanit\u00e4r-, Heiz- und K\u00fchlger\u00e4ten in \u00f6ffentlichen Bereichen.<\/div>\n<\/div>\n<\/div>\n<div id=\"techical-service\" class=\"mt-subservice\"><\/div>\n<\/div>\n<\/div>\n<\/div>\n<div id=\"concierge-service\" class=\"mt-subservice\"><\/div>\n<p>[\/vc_column_text][\/vc_column][vc_column width=&#8220;1\/4&#8243;][vc_single_image image=&#8220;49517&#8243; img_size=&#8220;full&#8220;][\/vc_column][\/vc_row][vc_row el_id=&#8220;renovationservice&#8220;][vc_column width=&#8220;1\/4&#8243;][vc_single_image image=&#8220;49517&#8243; img_size=&#8220;full&#8220;][\/vc_column][vc_column width=&#8220;3\/4&#8243;][vc_custom_heading text=&#8220;Erneuerungsservice&#8220; use_theme_fonts=&#8220;yes&#8220;][vc_column_text]<\/p>\n<div id=\"house-care\" class=\"mt-subservice\">\n<div class=\"mt-service-sh\">\n<div class=\"mt-explain\">\n<div id=\"techical-service\" class=\"mt-subservice\">\n<div class=\"mt-service-sh\">\n<div class=\"mt-explain\">\n<div class=\"container-mw-90 mr-5 ml-5\">\n<div class=\"row\">\n<div class=\"col-sm-12\">\n<div id=\"property-management\" class=\"mt-subservices text-justify\">\n<div id=\"techical-service\" class=\"mt-subservice\">\n<div class=\"mt-service-sh\">\n<div class=\"mt-explain\">Wir bieten alle Arten von Reparatur-, Renovierungs- und Dekorationsdienstleistungen entsprechend den Bed\u00fcrfnissen unserer Kunden an. Mit unserem proaktiven Serviceteam k\u00f6nnen wir Ihre Wohnr\u00e4ume nach Ihren Zielen und Ihrem Komfort gestalten. Mit unserem Architekturprojektteam gestalten wir die Innenarchitekturprojekte Ihrer Residenzen. Wir bieten Bewertungs- und Anwendungsdienstleistungen f\u00fcr k\u00fcnstlerische und moderne Designs. Im Rahmen dieser Dienstleistungen sind wir aktiv in den Bereichen Badezimmerrenovierung, K\u00fcchenrenovierung, Farbwechsel, Sanit\u00e4rrenovierung, 3D-Visualisierung und Projektrenovierung t\u00e4tig.<\/div>\n<\/div>\n<\/div>\n<\/div>\n<\/div>\n<\/div>\n<\/div>\n<footer id=\"footer\" data-footer-style=\"1\">\n<div class=\"container\">\n<div class=\"row\">\n<div class=\"col-sm-12 col-md-5 mb-30\"><\/div>\n<\/div>\n<\/div>\n<\/footer>\n<\/div>\n<\/div>\n<\/div>\n<div id=\"techical-service\" class=\"mt-subservice\"><\/div>\n<\/div>\n<\/div>\n<\/div>\n<div id=\"concierge-service\" class=\"mt-subservice\"><\/div>\n<p>[\/vc_column_text][\/vc_column][\/vc_row]<\/p>","protected":false},"excerpt":{"rendered":"<p>[vc_row el_id=&#8220;complexpropertymanagement&#8220;][vc_column width=&#8220;1\/4&#8243;][vc_single_image image=&#8220;49508&#8243; img_size=&#8220;full&#8220;][\/vc_column][vc_column width=&#8220;3\/4&#8243;][vc_custom_heading text=&#8220;Komplexes Immobilienmanagement&#8220; use_theme_fonts=&#8220;yes&#8220;][vc_column_text]Mit unserem professionellen Personal und unserer Betriebserfahrung stellen wir sicher, dass der Komplex effektiv und wirtschaftlich verwaltet wird. Wir sorgen daf\u00fcr, dass die Gemeinschaftsbereiche erhalten bleiben und etwaige Probleme zeitnah und professionell gel\u00f6st werden. Wir arbeiten proaktiv daran, mit unserer Strategie und unserem professionellen Ansatz zur Zufriedenheit [&hellip;]<\/p>\n","protected":false},"author":5,"featured_media":0,"parent":0,"menu_order":0,"comment_status":"closed","ping_status":"closed","template":"","meta":{"inline_featured_image":false,"footnotes":""},"class_list":["post-49505","page","type-page","status-publish","hentry"],"_links":{"self":[{"href":"https:\/\/thetelegraph.com.tr\/de\/wp-json\/wp\/v2\/pages\/49505","targetHints":{"allow":["GET"]}}],"collection":[{"href":"https:\/\/thetelegraph.com.tr\/de\/wp-json\/wp\/v2\/pages"}],"about":[{"href":"https:\/\/thetelegraph.com.tr\/de\/wp-json\/wp\/v2\/types\/page"}],"author":[{"embeddable":true,"href":"https:\/\/thetelegraph.com.tr\/de\/wp-json\/wp\/v2\/users\/5"}],"replies":[{"embeddable":true,"href":"https:\/\/thetelegraph.com.tr\/de\/wp-json\/wp\/v2\/comments?post=49505"}],"version-history":[{"count":3,"href":"https:\/\/thetelegraph.com.tr\/de\/wp-json\/wp\/v2\/pages\/49505\/revisions"}],"predecessor-version":[{"id":49965,"href":"https:\/\/thetelegraph.com.tr\/de\/wp-json\/wp\/v2\/pages\/49505\/revisions\/49965"}],"wp:attachment":[{"href":"https:\/\/thetelegraph.com.tr\/de\/wp-json\/wp\/v2\/media?parent=49505"}],"curies":[{"name":"wp","href":"https:\/\/api.w.org\/{rel}","templated":true}]}}