{"id":49562,"date":"2025-03-18T14:53:30","date_gmt":"2025-03-18T11:53:30","guid":{"rendered":"https:\/\/thetelegraph.com.tr\/?page_id=49562"},"modified":"2025-03-18T15:23:39","modified_gmt":"2025-03-18T12:23:39","slug":"concierge-service","status":"publish","type":"page","link":"https:\/\/thetelegraph.com.tr\/de\/concierge-service\/","title":{"rendered":"Concierge-Dienste"},"content":{"rendered":"<p>[vc_row el_id=&#8220;airporttransfer&#8220;][vc_column width=&#8220;1\/4&#8243;][vc_single_image image=&#8220;49564&#8243; img_size=&#8220;full&#8220;][\/vc_column][vc_column width=&#8220;3\/4&#8243;][vc_custom_heading text=&#8220;Flughafentransfer&#8220; use_theme_fonts=&#8220;yes&#8220;][vc_column_text]Ben\u00f6tigen Sie einen Transferservice f\u00fcr Ihren Urlaub oder Ihre Gesch\u00e4ftsreise? Unser Service deckt Ihre Bed\u00fcrfnisse einfach und sicher ab und bringt Sie zu Ihrem gew\u00fcnschten Ziel. F\u00fcr Fahrten von und zu den Flugh\u00e4fen Antalya und Gazipasa buchen Sie \u00fcber unsere Website. Unser Partner verf\u00fcgt \u00fcber alle f\u00fcr Transferunternehmen vorgeschriebenen Genehmigungen und Versicherungen (Fahrzeug, Fahrer und Passagiere) und f\u00fchrt regelm\u00e4\u00dfig Serviceleistungen an den Fahrzeugen durch.[\/vc_column_text][\/vc_column][\/vc_row][vc_row el_id=&#8220;apartmentcleaning&#8220;][vc_column width=&#8220;3\/4&#8243;][vc_custom_heading text=&#8220;Wohnungsreinigung&#8220; use_theme_fonts=&#8220;yes&#8220;][vc_column_text]Wir bieten Ihnen alle Reinigungsdienstleistungen f\u00fcr Ihr Zuhause. Hygiene ist wichtig, und wir decken alle Bereiche ab, von der Grundreinigung \u00fcber Fensterreinigung bis hin zur Au\u00dfenreinigung. Unser Konzept und Ziel ist professionelle, hochwertige Reinigung mit vertrauensw\u00fcrdigem Personal.[\/vc_column_text][\/vc_column][vc_column width=&#8220;1\/4&#8243;][vc_single_image image=&#8220;49565&#8243; img_size=&#8220;full&#8220;][\/vc_column][\/vc_row][vc_row el_id=&#8220;laundryanddrycleanservices&#8220;][vc_column width=&#8220;1\/4&#8243;][vc_single_image image=&#8220;49566&#8243; img_size=&#8220;full&#8220;][\/vc_column][vc_column width=&#8220;3\/4&#8243;][vc_custom_heading text=&#8220;W\u00e4sche- und Reinigungsservice&#8220; use_theme_fonts=&#8220;yes&#8220;][vc_column_text]Die Zeit vergeht in unserem hektischen Leben wie im Flug, und niemand hat Zeit zu verlieren. Mit unserem Service helfen wir Ihnen, Zeit zu sparen. Wir bieten W\u00e4sche- und Reinigungsservices f\u00fcr Kleidung, Bettw\u00e4sche, Vorh\u00e4nge und Teppiche an. Alles wird bequem bei Ihnen zu Hause abgeholt und wieder zur\u00fcckgebracht. Sie m\u00fcssen sich nicht mit W\u00e4sche waschen, unser professioneller W\u00e4scheservice sorgt daf\u00fcr, dass alles sauber ist.[\/vc_column_text][\/vc_column][\/vc_row][vc_row el_id=&#8220;petservices&#8220;][vc_column width=&#8220;3\/4&#8243;][vc_custom_heading text=&#8220;Haustierservice&#8220; use_theme_fonts=&#8220;yes&#8220;][vc_column_text]Wer ein Haustier besitzt, wei\u00df, dass es wie ein Familienmitglied ein wichtiger Teil unseres Lebens ist. Wir arbeiten mit einem erfahrenen und kompetenten Tierarzt zusammen, der alle Bed\u00fcrfnisse der Gesundheitsversorgung Ihres Haustieres abdeckt, einschlie\u00dflich Operationen, Impfungen, Sterilisation, Pflege, hochwertigem Futter und Ern\u00e4hrungsempfehlungen.[\/vc_column_text][\/vc_column][vc_column width=&#8220;1\/4&#8243;][vc_single_image image=&#8220;49567&#8243; img_size=&#8220;full&#8220;][\/vc_column][\/vc_row][vc_row el_id=&#8220;rentacarservices&#8220;][vc_column width=&#8220;1\/4&#8243;][vc_single_image image=&#8220;49568&#8243; img_size=&#8220;full&#8220;][\/vc_column][vc_column width=&#8220;3\/4&#8243;][vc_custom_heading text=&#8220;Autovermietung&#8220; use_theme_fonts=&#8220;yes&#8220;][vc_column_text]Unser Mietwagenpartner bietet sowohl Kurz- als auch Langzeitmieten an. Ein Mietwagen macht es Ihnen leicht, sich w\u00e4hrend Ihres Urlaubs frei zu bewegen und neue Orte zu erkunden. Und erm\u00f6glicht es Ihnen, Orte zu erreichen, an denen es keine organisierten Touren gibt. Machen Sie Ihren Urlaub unvergesslich.[\/vc_column_text][\/vc_column][\/vc_row][vc_row el_id=&#8220;insuranceservices&#8220;][vc_column width=&#8220;3\/4&#8243;][vc_custom_heading text=&#8220;Versicherungsdienstleistungen&#8220; use_theme_fonts=&#8220;yes&#8220;][vc_column_text]Wir versichern Ihr Haus und Ihren Hausrat gegen Sch\u00e4den und Diebstahl. Eine zuverl\u00e4ssige Versicherung garantiert, dass im Schadensfall schnell und unkompliziert Abhilfe geschaffen wird. Wir bieten auch weitere Versicherungen an, wie zum Beispiel Kranken- und Reiseversicherungen. Dank unserer speziellen Vereinbarung erhalten Sie Sonderpreise f\u00fcr Ihre Versicherungen. Im Schadensfall sind wir Ihr Ansprechpartner.[\/vc_column_text][\/vc_column][vc_column width=&#8220;1\/4&#8243;][vc_single_image image=&#8220;49568&#8243; img_size=&#8220;full&#8220;][\/vc_column][\/vc_row]<\/p>","protected":false},"excerpt":{"rendered":"<p>[vc_row el_id=&#8220;airporttransfer&#8220;][vc_column width=&#8220;1\/4&#8243;][vc_single_image image=&#8220;49564&#8243; img_size=&#8220;full&#8220;][\/vc_column][vc_column width=&#8220;3\/4&#8243;][vc_custom_heading text=&#8220;Flughafentransfer&#8220; use_theme_fonts=&#8220;yes&#8220;][vc_column_text]Ben\u00f6tigen Sie einen Transferservice f\u00fcr Ihren Urlaub oder Ihre Gesch\u00e4ftsreise? Unser Service deckt Ihre Bed\u00fcrfnisse einfach und sicher ab und bringt Sie zu Ihrem gew\u00fcnschten Ziel. F\u00fcr Fahrten von und zu den Flugh\u00e4fen Antalya und Gazipasa buchen Sie \u00fcber unsere Website. Unser Partner verf\u00fcgt \u00fcber alle f\u00fcr Transferunternehmen [&hellip;]<\/p>\n","protected":false},"author":5,"featured_media":0,"parent":0,"menu_order":0,"comment_status":"closed","ping_status":"closed","template":"","meta":{"inline_featured_image":false,"footnotes":""},"class_list":["post-49562","page","type-page","status-publish","hentry"],"_links":{"self":[{"href":"https:\/\/thetelegraph.com.tr\/de\/wp-json\/wp\/v2\/pages\/49562","targetHints":{"allow":["GET"]}}],"collection":[{"href":"https:\/\/thetelegraph.com.tr\/de\/wp-json\/wp\/v2\/pages"}],"about":[{"href":"https:\/\/thetelegraph.com.tr\/de\/wp-json\/wp\/v2\/types\/page"}],"author":[{"embeddable":true,"href":"https:\/\/thetelegraph.com.tr\/de\/wp-json\/wp\/v2\/users\/5"}],"replies":[{"embeddable":true,"href":"https:\/\/thetelegraph.com.tr\/de\/wp-json\/wp\/v2\/comments?post=49562"}],"version-history":[{"count":3,"href":"https:\/\/thetelegraph.com.tr\/de\/wp-json\/wp\/v2\/pages\/49562\/revisions"}],"predecessor-version":[{"id":49573,"href":"https:\/\/thetelegraph.com.tr\/de\/wp-json\/wp\/v2\/pages\/49562\/revisions\/49573"}],"wp:attachment":[{"href":"https:\/\/thetelegraph.com.tr\/de\/wp-json\/wp\/v2\/media?parent=49562"}],"curies":[{"name":"wp","href":"https:\/\/api.w.org\/{rel}","templated":true}]}}