{"id":49639,"date":"2025-03-23T16:50:46","date_gmt":"2025-03-23T13:50:46","guid":{"rendered":"https:\/\/thetelegraph.com.tr\/?page_id=49639"},"modified":"2025-04-18T14:49:00","modified_gmt":"2025-04-18T11:49:00","slug":"house-care-service-package","status":"publish","type":"page","link":"https:\/\/thetelegraph.com.tr\/de\/house-care-service-package\/","title":{"rendered":"House Care Service &#038; Package"},"content":{"rendered":"<p>[vc_row][vc_column][vc_custom_heading text=&#8220;HAUSPFLEGESERVICE &amp; -PAKET&#8220; font_container=&#8220;tag:h2|text_align:center&#8220; use_theme_fonts=&#8220;yes&#8220; el_class=&#8220;gold-header&#8220;][vc_column_text el_class=&#8220;gold-sub-header&#8220;]<\/p>\n<h3 class=\"tbk__title kl-font-alt fw-semibold dark-gray\" style=\"text-align: center;\">WIR BIETEN IHNEN DIENSTLEISTUNGEN F\u00dcR DIE HAUSPFLEGE<\/h3>\n<h4 class=\"tbk__subtitle fw-thin\" style=\"text-align: center;\">F\u00fcr alle unsere Dienstleistungen sind wir Ihr zentraler Ansprechpartner. Sie m\u00fcssen sich keine Gedanken dar\u00fcber machen, wen Sie anrufen \u2013 wir k\u00fcmmern uns um alles.<\/h4>\n<p>[\/vc_column_text][\/vc_column][\/vc_row][vc_row][vc_column width=&#8220;1\/3&#8243;]<style>\r\n\r\n.style3 .apaw-pricing-inner .head_bg.border-color-11762 {\r\n    \r\n\tborder-color: rgba(0, 0, 0, 0) rgba(0, 0, 0, 0)  !important;}\r\n\r\n\r\n\r\n<\/style>\r\n<div id=\"apaw-11762\" class=\"apaw-pricing-wrapper preset1  style2  \">\r\n    <div class=\"apaw-pricing-inner\">\r\n        <div class=\"apaw-pricing-header recommendstyle2\">\r\n            \t\t\t             <div class=\"apaw-pricing-holder\">\r\n                                    <h3 class=\"apaw-pricing-title\" style=\"\">BASISPAKET<\/h3> \r\n                                            <\/div>\r\n            <div class=\"apaw-pricing-meta border-color-11762\" style=\"\">\r\n                <div class=\"apaw-pricing-circle-11762 \">\r\n\t\t\t\t<span class=\"apaw-pricing-price\" style=\"\">\r\n                    \u20ba 750,00  \r\n                <\/span>\r\n                <span class=\"apaw-pricing-time\" style=\"\">\r\n                    \/ J\u00c4HRLICH  \r\n                <\/span>\r\n            <\/div>\r\n\t\t\t<\/div>\r\n        <\/div>\r\n        <div class=\"apaw-pricing-body\">\r\n                            <ul class=\"apaw-pricing-content\">\r\n                                            <li class=\"active\"> <i class=\"\"  style=\"color:;\"><\/i>Einlagenkonto<\/li>\r\n                                            <li class=\"active\"> <i class=\"\"  style=\"color:;\"><\/i>Online-Konto<\/li>\r\n                                            <li class=\"active\"> <i class=\"\"  style=\"color:;\"><\/i>Sichere Schl\u00fcsselaufbewahrung<\/li>\r\n                                            <li class=\"active\"> <i class=\"\"  style=\"color:;\"><\/i>Zahlung der monatlichen Stromrechnungen<\/li>\r\n                                            <li class=\"active\"> <i class=\"\"  style=\"color:;\"><\/i>Zahlung der monatlichen Wasserrechnungen<\/li>\r\n                                            <li class=\"active\"> <i class=\"\"  style=\"color:;\"><\/i>Zahlung der monatlichen Internetrechnungen<\/li>\r\n                                            <li class=\"active\"> <i class=\"\"  style=\"color:;\"><\/i>Zahlung der monatlichen Telefonrechnungen<\/li>\r\n                                            <li class=\"active\"> <i class=\"\"  style=\"color:;\"><\/i>Versicherungsleistungen<\/li>\r\n                                            <li class=\"active\"> <i class=\"\"  style=\"color:;\"><\/i>Versicherung und Versicherung, regelm\u00e4\u00dfig erneuern<\/li>\r\n                                            <li class=\"active\"> <i class=\"\"  style=\"color:;\"><\/i>Regelm\u00e4\u00dfige Steuerzahlung<\/li>\r\n                                            <li class=\"active\"> <i class=\"\"  style=\"color:;\"><\/i>Zahlung der Verwaltungsgeb\u00fchren<\/li>\r\n                                            <li class=\"active\"> <i class=\"\"  style=\"color:;\"><\/i>360-Tage-Hilfe<\/li>\r\n                                            <li class=\"active\"> <i class=\"\"  style=\"color:;\"><\/i>Arzt\/Krankenhaus<\/li>\r\n                                            <li class=\"active\"> <i class=\"\"  style=\"color:;\"><\/i>-<\/li>\r\n                                            <li class=\"active\"> <i class=\"\"  style=\"color:;\"><\/i>-<\/li>\r\n                                            <li class=\"active\"> <i class=\"\"  style=\"color:;\"><\/i>-<\/li>\r\n                                            <li class=\"active\"> <i class=\"\"  style=\"color:;\"><\/i>-<\/li>\r\n                                            <li class=\"active\"> <i class=\"\"  style=\"color:;\"><\/i>-<\/li>\r\n                                    <\/ul>\r\n                                        <div class=\"apaw-pricing-button btnstyle3 btnshadow-11762\">\r\n                    <a class=\"btn-11762\" href=\"https:\/\/thetelegraph.com.tr\/contact\/\" target=\"_self\">\r\n                        JETZT BESTELLEN                    <\/a>\r\n                <\/div>\r\n                    <\/div>\r\n    <\/div>\r\n<\/div>\r\n\r\n    [\/vc_column][vc_column width=&#8220;1\/3&#8243;]<style>\r\n\r\n.style3 .apaw-pricing-inner .head_bg.border-color-78741 {\r\n    \r\n\tborder-color: rgba(0, 0, 0, 0) rgba(0, 0, 0, 0)  !important;}\r\n\r\n\r\n\r\n<\/style>\r\n<div id=\"apaw-78741\" class=\"apaw-pricing-wrapper preset1  style2  \">\r\n    <div class=\"apaw-pricing-inner\">\r\n        <div class=\"apaw-pricing-header recommendstyle2\">\r\n            \t\t\t             <div class=\"apaw-pricing-holder\">\r\n                                    <h3 class=\"apaw-pricing-title\" style=\"\">SILBER-PAKET<\/h3> \r\n                                            <\/div>\r\n            <div class=\"apaw-pricing-meta border-color-78741\" style=\"\">\r\n                <div class=\"apaw-pricing-circle-78741 \">\r\n\t\t\t\t<span class=\"apaw-pricing-price\" style=\"\">\r\n                    \u20ba 990,00  \r\n                <\/span>\r\n                <span class=\"apaw-pricing-time\" style=\"\">\r\n                    \/ J\u00c4HRLICH  \r\n                <\/span>\r\n            <\/div>\r\n\t\t\t<\/div>\r\n        <\/div>\r\n        <div class=\"apaw-pricing-body\">\r\n                            <ul class=\"apaw-pricing-content\">\r\n                                            <li class=\"active\"> <i class=\"\"  style=\"color:;\"><\/i>Kautionskonto<\/li>\r\n                                            <li class=\"active\"> <i class=\"\"  style=\"color:;\"><\/i>Online-Konto<\/li>\r\n                                            <li class=\"active\"> <i class=\"\"  style=\"color:;\"><\/i>Sichere Schl\u00fcsselaufbewahrung<\/li>\r\n                                            <li class=\"active\"> <i class=\"\"  style=\"color:;\"><\/i>Stromrechnungen<\/li>\r\n                                            <li class=\"active\"> <i class=\"\"  style=\"color:;\"><\/i>Wasserrechnungen<\/li>\r\n                                            <li class=\"active\"> <i class=\"\"  style=\"color:;\"><\/i>Internetrechnungen<\/li>\r\n                                            <li class=\"active\"> <i class=\"\"  style=\"color:;\"><\/i>Telefonrechnungen<\/li>\r\n                                            <li class=\"active\"> <i class=\"\"  style=\"color:;\"><\/i>Versicherungsleistungen<\/li>\r\n                                            <li class=\"active\"> <i class=\"\"  style=\"color:;\"><\/i>Versicherung und Versicherung, regelm\u00e4\u00dfig erneuern<\/li>\r\n                                            <li class=\"active\"> <i class=\"\"  style=\"color:;\"><\/i>Steuerzahlungen<\/li>\r\n                                            <li class=\"active\"> <i class=\"\"  style=\"color:;\"><\/i>Verwaltungskosten<\/li>\r\n                                            <li class=\"active\"> <i class=\"\"  style=\"color:;\"><\/i>360-Tage-Assistenz<\/li>\r\n                                            <li class=\"active\"> <i class=\"\"  style=\"color:;\"><\/i>Arzt\/Krankenhaus<\/li>\r\n                                            <li class=\"active\"> <i class=\"\"  style=\"color:;\"><\/i>L\u00fcftungsservice (2-mal monatlich)<\/li>\r\n                                            <li class=\"active\"> <i class=\"\"  style=\"color:;\"><\/i>Schl\u00fcsselwechsel (1-mal j\u00e4hrlich)<\/li>\r\n                                            <li class=\"active\"> <i class=\"\"  style=\"color:;\"><\/i>Insektenbek\u00e4mpfung (1-mal j\u00e4hrlich)<\/li>\r\n                                            <li class=\"active\"> <i class=\"\"  style=\"color:;\"><\/i>-<\/li>\r\n                                            <li class=\"active\"> <i class=\"\"  style=\"color:;\"><\/i>Klimaanlagenreinigung (2-mal j\u00e4hrlich) kostenlos<\/li>\r\n                                    <\/ul>\r\n                                        <div class=\"apaw-pricing-button btnstyle3 btnshadow-78741\">\r\n                    <a class=\"btn-78741\" href=\"https:\/\/thetelegraph.com.tr\/contact\/\" target=\"_self\">\r\n                        JETZT BESTELLEN                    <\/a>\r\n                <\/div>\r\n                    <\/div>\r\n    <\/div>\r\n<\/div>\r\n\r\n    [\/vc_column][vc_column width=&#8220;1\/3&#8243;]<style>\r\n\r\n.style3 .apaw-pricing-inner .head_bg.border-color-57046 {\r\n    \r\n\tborder-color: rgba(0, 0, 0, 0) rgba(0, 0, 0, 0)  !important;}\r\n\r\n\r\n\r\n<\/style>\r\n<div id=\"apaw-57046\" class=\"apaw-pricing-wrapper preset1  style2  \">\r\n    <div class=\"apaw-pricing-inner\">\r\n        <div class=\"apaw-pricing-header recommendstyle2\">\r\n            \t\t\t             <div class=\"apaw-pricing-holder\">\r\n                                    <h3 class=\"apaw-pricing-title\" style=\"\">GOLD-PAKET<\/h3> \r\n                                            <\/div>\r\n            <div class=\"apaw-pricing-meta border-color-57046\" style=\"\">\r\n                <div class=\"apaw-pricing-circle-57046 \">\r\n\t\t\t\t<span class=\"apaw-pricing-price\" style=\"\">\r\n                    \u20ba 1.480,00  \r\n                <\/span>\r\n                <span class=\"apaw-pricing-time\" style=\"\">\r\n                    \/ J\u00c4HRLICH  \r\n                <\/span>\r\n            <\/div>\r\n\t\t\t<\/div>\r\n        <\/div>\r\n        <div class=\"apaw-pricing-body\">\r\n                            <ul class=\"apaw-pricing-content\">\r\n                                            <li class=\"active\"> <i class=\"\"  style=\"color:;\"><\/i>Kautionskonto<\/li>\r\n                                            <li class=\"active\"> <i class=\"\"  style=\"color:;\"><\/i>Online-Konto<\/li>\r\n                                            <li class=\"active\"> <i class=\"\"  style=\"color:;\"><\/i>Sichere Schl\u00fcsselaufbewahrung<\/li>\r\n                                            <li class=\"active\"> <i class=\"\"  style=\"color:;\"><\/i>Zahlung der monatlichen Stromrechnungen<\/li>\r\n                                            <li class=\"active\"> <i class=\"\"  style=\"color:;\"><\/i>Zahlung der monatlichen Wasserrechnungen<\/li>\r\n                                            <li class=\"active\"> <i class=\"\"  style=\"color:;\"><\/i>Zahlung der monatlichen Internetrechnungen<\/li>\r\n                                            <li class=\"active\"> <i class=\"\"  style=\"color:;\"><\/i>Zahlung der monatlichen Telefonrechnungen<\/li>\r\n                                            <li class=\"active\"> <i class=\"\"  style=\"color:;\"><\/i>Versicherungsleistungen<\/li>\r\n                                            <li class=\"active\"> <i class=\"\"  style=\"color:;\"><\/i>Regelm\u00e4\u00dfige Erneuerung von Versicherung und Versicherung<\/li>\r\n                                            <li class=\"active\"> <i class=\"\"  style=\"color:;\"><\/i>Regelm\u00e4\u00dfige Steuerzahlung<\/li>\r\n                                            <li class=\"active\"> <i class=\"\"  style=\"color:;\"><\/i>Zahlung der Verwaltungsgeb\u00fchren<\/li>\r\n                                            <li class=\"active\"> <i class=\"\"  style=\"color:;\"><\/i>360-Tage-Assistenz<\/li>\r\n                                            <li class=\"active\"> <i class=\"\"  style=\"color:;\"><\/i>Arzt\/Krankenhaus<\/li>\r\n                                            <li class=\"active\"> <i class=\"\"  style=\"color:;\"><\/i>L\u00fcftungsservice (2-mal monatlich)<\/li>\r\n                                            <li class=\"active\"> <i class=\"\"  style=\"color:;\"><\/i>Kostenloser Schl\u00fcsselwechsel (1-mal j\u00e4hrlich)<\/li>\r\n                                            <li class=\"active\"> <i class=\"\"  style=\"color:;\"><\/i>Kostenlose Insektenbek\u00e4mpfung (2-mal j\u00e4hrlich)<\/li>\r\n                                            <li class=\"active\"> <i class=\"\"  style=\"color:;\"><\/i>Geschenkkarte von Alanyaspor Pasolig (2-mal j\u00e4hrlich)<\/li>\r\n                                            <li class=\"active\"> <i class=\"\"  style=\"color:;\"><\/i>Klimaanlagenreinigung (4-mal j\u00e4hrlich) kostenlos<\/li>\r\n                                    <\/ul>\r\n                                        <div class=\"apaw-pricing-button btnstyle3 btnshadow-57046\">\r\n                    <a class=\"btn-57046\" href=\"https:\/\/thetelegraph.com.tr\/contact\/\" target=\"_self\">\r\n                        JETZT BESTELLEN                    <\/a>\r\n                <\/div>\r\n                    <\/div>\r\n    <\/div>\r\n<\/div>\r\n\r\n    [\/vc_column][\/vc_row][vc_row][vc_column][vc_empty_space height=&#8220;50px&#8220;][\/vc_column][\/vc_row][vc_row][vc_column width=&#8220;1\/3&#8243;][vc_column_text el_class=&#8220;border-left-gold&#8220;]Kostenpflichtiger Service (* Alle Pakete)<\/p>\n<p>Flughafentransfer<br \/>\nHausreinigung<br \/>\nIPTV-TV-Service<br \/>\nWohnungsrenovierung<br \/>\nWohnungsdekoration[\/vc_column_text][\/vc_column][vc_column width=&#8220;1\/3&#8243;][vc_column_text el_class=&#8220;border-left-gold&#8220;]Kostenpflichtiger Service (* Alle Pakete)<\/p>\n<p>Wartung der Solaranlage<br \/>\nWartung des Warmwasserbereiters<br \/>\nWartung der Klimaanlage<br \/>\nM\u00f6belmontage<br \/>\nRegelm\u00e4\u00dfige Reinigung des Wasserspenders[\/vc_column_text][\/vc_column][vc_column width=&#8220;1\/3&#8243;][vc_column_text el_class=&#8220;border-left-gold&#8220;]Kostenpflichtiger Service (* Alle Pakete)<\/p>\n<p>Aufenthaltserlaubnis<br \/>\nAbonnementservice<br \/>\nErbschein<br \/>\nVeranstaltungsorganisation<br \/>\nFlaschenwasser[\/vc_column_text][\/vc_column][\/vc_row]<\/p>","protected":false},"excerpt":{"rendered":"<p>[vc_row][vc_column][vc_custom_heading text=&#8220;HAUSPFLEGESERVICE &amp; -PAKET&#8220; font_container=&#8220;tag:h2|text_align:center&#8220; use_theme_fonts=&#8220;yes&#8220; el_class=&#8220;gold-header&#8220;][vc_column_text el_class=&#8220;gold-sub-header&#8220;] WIR BIETEN IHNEN DIENSTLEISTUNGEN F\u00dcR DIE HAUSPFLEGE F\u00fcr alle unsere Dienstleistungen sind wir Ihr zentraler Ansprechpartner. Sie m\u00fcssen sich keine Gedanken dar\u00fcber machen, wen Sie anrufen \u2013 wir k\u00fcmmern uns um alles. [\/vc_column_text][\/vc_column][\/vc_row][vc_row][vc_column width=&#8220;1\/3&#8243;][\/vc_column][vc_column width=&#8220;1\/3&#8243;][\/vc_column][vc_column width=&#8220;1\/3&#8243;][\/vc_column][\/vc_row][vc_row][vc_column][vc_empty_space height=&#8220;50px&#8220;][\/vc_column][\/vc_row][vc_row][vc_column width=&#8220;1\/3&#8243;][vc_column_text el_class=&#8220;border-left-gold&#8220;]Kostenpflichtiger Service (* Alle Pakete) Flughafentransfer Hausreinigung IPTV-TV-Service Wohnungsrenovierung [&hellip;]<\/p>\n","protected":false},"author":5,"featured_media":0,"parent":0,"menu_order":0,"comment_status":"closed","ping_status":"closed","template":"","meta":{"inline_featured_image":false,"footnotes":""},"class_list":["post-49639","page","type-page","status-publish","hentry"],"_links":{"self":[{"href":"https:\/\/thetelegraph.com.tr\/de\/wp-json\/wp\/v2\/pages\/49639","targetHints":{"allow":["GET"]}}],"collection":[{"href":"https:\/\/thetelegraph.com.tr\/de\/wp-json\/wp\/v2\/pages"}],"about":[{"href":"https:\/\/thetelegraph.com.tr\/de\/wp-json\/wp\/v2\/types\/page"}],"author":[{"embeddable":true,"href":"https:\/\/thetelegraph.com.tr\/de\/wp-json\/wp\/v2\/users\/5"}],"replies":[{"embeddable":true,"href":"https:\/\/thetelegraph.com.tr\/de\/wp-json\/wp\/v2\/comments?post=49639"}],"version-history":[{"count":3,"href":"https:\/\/thetelegraph.com.tr\/de\/wp-json\/wp\/v2\/pages\/49639\/revisions"}],"predecessor-version":[{"id":49963,"href":"https:\/\/thetelegraph.com.tr\/de\/wp-json\/wp\/v2\/pages\/49639\/revisions\/49963"}],"wp:attachment":[{"href":"https:\/\/thetelegraph.com.tr\/de\/wp-json\/wp\/v2\/media?parent=49639"}],"curies":[{"name":"wp","href":"https:\/\/api.w.org\/{rel}","templated":true}]}}