{"id":28349,"date":"2023-04-17T10:32:57","date_gmt":"2023-04-17T07:32:57","guid":{"rendered":"https:\/\/thetelegraph.com.tr\/?page_id=28349"},"modified":"2025-02-21T21:19:04","modified_gmt":"2025-02-21T18:19:04","slug":"jobb-med-oss","status":"publish","type":"page","link":"https:\/\/thetelegraph.com.tr\/no\/jobb-med-oss\/","title":{"rendered":"Jobb med oss"},"content":{"rendered":"<p>[vc_row][vc_column]<div class=\"hero default\">Jobb med oss<\/div>[\/vc_column][\/vc_row][vc_row][vc_column][vc_column_text]Vil du bli en del av et ledende team i eiendomsbransjen?<br \/>\nThe Telegraph er et ungt eiendomsselskap under utvikling i Tyrkia. I tillegg er de den offisielle partneren til selskapet Home City Alanya. (har v\u00e6rt tilgjengelig p\u00e5 eiendomsmarkedet i Alanya siden 2003).<br \/>\nHva gj\u00f8r oss annerledes?<br \/>\nVi kjenner eiendomsmeglingss\u00f8ndagen sv\u00e6rt godt. Vi skiller oss fra andre eiendomsmeglerfirmaer ved at vi har en profesjonell tiln\u00e6rming, legger vekt p\u00e5 kundenes \u00f8nsker og behov og arbeider etter prinsippet om 100 % kundetilfredshet.<br \/>\nHva gj\u00f8r vi?<br \/>\nVi st\u00e5r ved v\u00e5re kunders side gjennom hele prosessen, fra de finner dr\u00f8mmeboligen til de signerer skj\u00f8tet, og veileder dem p\u00e5 den mest korrekte m\u00e5ten.<br \/>\nIntegritet, b\u00e6rekraft, fortreffelighet, godhet og innovasjon er v\u00e5re forretningsprinsipper som danner grunnlaget for virksomheten v\u00e5r. Vi former teamet v\u00e5rt basert p\u00e5 disse fem grunnprinsippene, og vi s\u00f8rger for at alle v\u00e5re interessenter jobber i henhold til disse prinsippene.<br \/>\nArbeidsmilj\u00f8et v\u00e5rt<br \/>\nSelskapet v\u00e5rt har en flerkulturell struktur, og vi har et stort team fra mange forskjellige land. Tyrkisk, tysk, russisk, arabisk og norsk er det felles kommunikasjonsspr\u00e5ket p\u00e5 alle kontorene v\u00e5re.<br \/>\nVed \u00e5 kombinere eksperimentet v\u00e5rt med teknologi og en innovativ tiln\u00e6rming har vi skapt et hyggelig, dynamisk og moderne arbeidsmilj\u00f8.<br \/>\nVi styrer all v\u00e5r virksomhet med programvare og arbeidsflyter som er tilpasset selskapets behov.<br \/>\nVi har som m\u00e5l \u00e5 rocke hele verden!<br \/>\nI The Telegraph er vi opptatt av \u00e5 gi v\u00e5re ansatte muligheter til \u00e5 utvikle seg profesjonelt og st\u00f8tte dem i \u00e5 oppn\u00e5 suksess.<br \/>\nHvis du er \u00e5pen for l\u00e6ring, klar for forandring og villig til \u00e5 ta karrieren din videre i et ledende eiendomsselskap, kan du ta en titt p\u00e5 de ledige stillingene v\u00e5re og bli med oss p\u00e5 v\u00e5r reise for \u00e5 gj\u00f8re en forskjell.[\/vc_column_text][\/vc_column][\/vc_row]<\/p>","protected":false},"excerpt":{"rendered":"<p>[vc_row][vc_column][\/vc_column][\/vc_row][vc_row][vc_column][vc_column_text]Vil du bli en del av et ledende team i eiendomsbransjen? The Telegraph er et ungt eiendomsselskap under utvikling i Tyrkia. I tillegg er de den offisielle partneren til selskapet Home City Alanya. (har v\u00e6rt tilgjengelig p\u00e5 eiendomsmarkedet i Alanya siden 2003). Hva gj\u00f8r oss annerledes? Vi kjenner eiendomsmeglingss\u00f8ndagen sv\u00e6rt godt. Vi skiller oss fra [&hellip;]<\/p>\n","protected":false},"author":5,"featured_media":0,"parent":0,"menu_order":0,"comment_status":"closed","ping_status":"closed","template":"","meta":{"inline_featured_image":false,"footnotes":""},"class_list":["post-28349","page","type-page","status-publish","hentry"],"_links":{"self":[{"href":"https:\/\/thetelegraph.com.tr\/no\/wp-json\/wp\/v2\/pages\/28349","targetHints":{"allow":["GET"]}}],"collection":[{"href":"https:\/\/thetelegraph.com.tr\/no\/wp-json\/wp\/v2\/pages"}],"about":[{"href":"https:\/\/thetelegraph.com.tr\/no\/wp-json\/wp\/v2\/types\/page"}],"author":[{"embeddable":true,"href":"https:\/\/thetelegraph.com.tr\/no\/wp-json\/wp\/v2\/users\/5"}],"replies":[{"embeddable":true,"href":"https:\/\/thetelegraph.com.tr\/no\/wp-json\/wp\/v2\/comments?post=28349"}],"version-history":[{"count":1,"href":"https:\/\/thetelegraph.com.tr\/no\/wp-json\/wp\/v2\/pages\/28349\/revisions"}],"predecessor-version":[{"id":48731,"href":"https:\/\/thetelegraph.com.tr\/no\/wp-json\/wp\/v2\/pages\/28349\/revisions\/48731"}],"wp:attachment":[{"href":"https:\/\/thetelegraph.com.tr\/no\/wp-json\/wp\/v2\/media?parent=28349"}],"curies":[{"name":"wp","href":"https:\/\/api.w.org\/{rel}","templated":true}]}}