{"id":49505,"date":"2025-03-17T10:47:12","date_gmt":"2025-03-17T07:47:12","guid":{"rendered":"https:\/\/thetelegraph.com.tr\/?page_id=49505"},"modified":"2025-04-18T15:31:11","modified_gmt":"2025-04-18T12:31:11","slug":"management-services","status":"publish","type":"page","link":"https:\/\/thetelegraph.com.tr\/no\/management-services\/","title":{"rendered":"Eiendomsforvaltning"},"content":{"rendered":"<p>[vc_row el_id=&raquo;complexpropertymanagement&raquo;][vc_column width=&raquo;1\/4&#8243;][vc_single_image image=&raquo;49508&#8243; img_size=&raquo;full&raquo;][\/vc_column][vc_column width=&raquo;3\/4&#8243;][vc_custom_heading text=&raquo;Kompleks eiendomsforvaltning&raquo; use_theme_fonts=&raquo;yes&raquo;][vc_column_text]Med v\u00e5r profesjonelle stab og driftserfaring sikrer vi at komplekset administreres effektivt og \u00f8konomisk. Vi s\u00f8rger for at fellesarealer vedlikeholdes og eventuelle problemer vil bli l\u00f8st raskt og profesjonelt. Vi jobber proaktivt for \u00e5 bidra til at kundene v\u00e5re blir forn\u00f8yde med v\u00e5r strategi og profesjonelle tiln\u00e6rming.[\/vc_column_text][\/vc_column][\/vc_row][vc_row el_id=&raquo;housecaremanagement&raquo;][vc_column width=&raquo;3\/4&#8243;][vc_custom_heading text=&raquo;Hjemmepleieledelse&raquo; use_theme_fonts=&raquo;yes&raquo;][vc_column_text]<\/p>\n<div id=\"house-care\" class=\"mt-subservice\">\n<div class=\"mt-service-sh\">\n<div class=\"mt-explain\">V\u00e5r hjemmevedlikeholdstjeneste s\u00f8rger for regelmessige inspeksjoner av leiligheten din, slik at du kan v\u00e6re sikker p\u00e5 at det ikke vil oppst\u00e5 ubehagelige overraskelser n\u00e5r du kommer til ditt andre hjem. Vi kan svare p\u00e5 alle dine sp\u00f8rsm\u00e5l om vedlikehold og oppussing av boliger. V\u00e5r tjeneste vil spare deg tid som kunde og s\u00f8rge for at alt er p\u00e5 plass. Du kan v\u00e6re trygg p\u00e5 at vi tar vare p\u00e5 leiligheten din som om den var v\u00e5r egen. Vi tilbyr 3 forskjellige pakker: Basic, Silver og Gold, og du kan velge etter dine behov.<\/div>\n<\/div>\n<\/div>\n<div id=\"concierge-service\" class=\"mt-subservice\"><\/div>\n<p>[\/vc_column_text][\/vc_column][vc_column width=&raquo;1\/4&#8243;][vc_single_image image=&raquo;49510&#8243; img_size=&raquo;full&raquo;][\/vc_column][\/vc_row][vc_row el_id=&raquo;conciergeservicesmanagement&raquo;][vc_column width=&raquo;1\/4&#8243;][vc_single_image image=&raquo;49506&#8243; img_size=&raquo;full&raquo;][\/vc_column][vc_column width=&raquo;3\/4&#8243;][vc_custom_heading text=&raquo;Concierge Service Management&raquo; use_theme_fonts=&raquo;yes&raquo;][vc_column_text]Du kan la oss organisere livet ditt, fra dine daglige rutiner til viktige hendelser i livet ditt. Vi kan ordne alt slik at du bare kan nyte det. Du kan nyte tidens luksus. V\u00e5re concierge-tjenester tilbyr deg en eksepsjonell service, med fokus p\u00e5 detaljer og proaktivitet for \u00e5 organisere b\u00e5de arbeid og fritid. Vi tilbyr v\u00e5r personlige concierge-tjeneste for \u00e5 gj\u00f8re livet enklere for deg.[\/vc_column_text][\/vc_column][\/vc_row][vc_row el_id=&raquo;technicalservicesmanagement&raquo;][vc_column width=&raquo;3\/4&#8243;][vc_custom_heading text=&raquo;Ledelse av tekniske tjenester&raquo; use_theme_fonts=&raquo;yes&raquo;][vc_column_text]<\/p>\n<div id=\"house-care\" class=\"mt-subservice\">\n<div class=\"mt-service-sh\">\n<div class=\"mt-explain\">\n<div id=\"techical-service\" class=\"mt-subservice\">\n<div class=\"mt-service-sh\">\n<div class=\"mt-explain\">Vi tilbyr alle typer tekniske tjenester som vi vet er viktige for \u00e5 sikre konsekvent drift av din bygning eller boligkompleks. Med v\u00e5rt profesjonelle og proaktive team lager vi vedlikeholdsplaner, daglige driftsplaner, periodiske tjenester og l\u00f8ser problemer med alle elektroniske, mekaniske, VVS-, varme- og kj\u00f8leapparater i fellesarealer.<\/div>\n<\/div>\n<\/div>\n<div id=\"techical-service\" class=\"mt-subservice\"><\/div>\n<\/div>\n<\/div>\n<\/div>\n<div id=\"concierge-service\" class=\"mt-subservice\"><\/div>\n<p>[\/vc_column_text][\/vc_column][vc_column width=&raquo;1\/4&#8243;][vc_single_image image=&raquo;49517&#8243; img_size=&raquo;full&raquo;][\/vc_column][\/vc_row][vc_row el_id=&raquo;renovationservice&raquo;][vc_column width=&raquo;1\/4&#8243;][vc_single_image image=&raquo;49517&#8243; img_size=&raquo;full&raquo;][\/vc_column][vc_column width=&raquo;3\/4&#8243;][vc_custom_heading text=&raquo;Fornyelsestjeneste&raquo; use_theme_fonts=&raquo;yes&raquo;][vc_column_text]<\/p>\n<div id=\"house-care\" class=\"mt-subservice\">\n<div class=\"mt-service-sh\">\n<div class=\"mt-explain\">\n<div id=\"techical-service\" class=\"mt-subservice\">\n<div class=\"mt-service-sh\">\n<div class=\"mt-explain\">\n<div class=\"container-mw-90 mr-5 ml-5\">\n<div class=\"row\">\n<div class=\"col-sm-12\">\n<div id=\"property-management\" class=\"mt-subservices text-justify\">\n<div id=\"techical-service\" class=\"mt-subservice\">\n<div class=\"mt-service-sh\">\n<div class=\"mt-explain\">Vi tilbyr alle typer reparasjons-, renoverings- og dekorasjonstjenester i tr\u00e5d med kundenes behov. Med v\u00e5rt proaktive serviceteam kan vi designe oppholdsrom i henhold til dine m\u00e5l og komfort. Vi former interi\u00f8rprosjektene til boligene dine med v\u00e5rt arkitektoniske prosjektteam. Vi tilbyr verdivurdering og s\u00f8knadstjenester for kunstnerisk og moderne design. Innenfor rammen av disse tjenestene driver vi aktivt innen baderomsoppussing, kj\u00f8kkenrenovering, malingsskifte, r\u00f8rleggeroppussingstjenester, 3D-visualisering og prosjektrenoveringstjenester.<\/div>\n<\/div>\n<\/div>\n<\/div>\n<\/div>\n<\/div>\n<\/div>\n<footer id=\"footer\" data-footer-style=\"1\">\n<div class=\"container\">\n<div class=\"row\">\n<div class=\"col-sm-12 col-md-5 mb-30\"><\/div>\n<\/div>\n<\/div>\n<\/footer>\n<\/div>\n<\/div>\n<\/div>\n<div id=\"techical-service\" class=\"mt-subservice\"><\/div>\n<\/div>\n<\/div>\n<\/div>\n<div id=\"concierge-service\" class=\"mt-subservice\"><\/div>\n<p>[\/vc_column_text][\/vc_column][\/vc_row]<\/p>","protected":false},"excerpt":{"rendered":"<p>[vc_row el_id=&raquo;complexpropertymanagement&raquo;][vc_column width=&raquo;1\/4&#8243;][vc_single_image image=&raquo;49508&#8243; img_size=&raquo;full&raquo;][\/vc_column][vc_column width=&raquo;3\/4&#8243;][vc_custom_heading text=&raquo;Kompleks eiendomsforvaltning&raquo; use_theme_fonts=&raquo;yes&raquo;][vc_column_text]Med v\u00e5r profesjonelle stab og driftserfaring sikrer vi at komplekset administreres effektivt og \u00f8konomisk. Vi s\u00f8rger for at fellesarealer vedlikeholdes og eventuelle problemer vil bli l\u00f8st raskt og profesjonelt. Vi jobber proaktivt for \u00e5 bidra til at kundene v\u00e5re blir forn\u00f8yde med v\u00e5r strategi og profesjonelle tiln\u00e6rming.[\/vc_column_text][\/vc_column][\/vc_row][vc_row [&hellip;]<\/p>\n","protected":false},"author":5,"featured_media":0,"parent":0,"menu_order":0,"comment_status":"closed","ping_status":"closed","template":"","meta":{"inline_featured_image":false,"footnotes":""},"class_list":["post-49505","page","type-page","status-publish","hentry"],"_links":{"self":[{"href":"https:\/\/thetelegraph.com.tr\/no\/wp-json\/wp\/v2\/pages\/49505","targetHints":{"allow":["GET"]}}],"collection":[{"href":"https:\/\/thetelegraph.com.tr\/no\/wp-json\/wp\/v2\/pages"}],"about":[{"href":"https:\/\/thetelegraph.com.tr\/no\/wp-json\/wp\/v2\/types\/page"}],"author":[{"embeddable":true,"href":"https:\/\/thetelegraph.com.tr\/no\/wp-json\/wp\/v2\/users\/5"}],"replies":[{"embeddable":true,"href":"https:\/\/thetelegraph.com.tr\/no\/wp-json\/wp\/v2\/comments?post=49505"}],"version-history":[{"count":3,"href":"https:\/\/thetelegraph.com.tr\/no\/wp-json\/wp\/v2\/pages\/49505\/revisions"}],"predecessor-version":[{"id":49965,"href":"https:\/\/thetelegraph.com.tr\/no\/wp-json\/wp\/v2\/pages\/49505\/revisions\/49965"}],"wp:attachment":[{"href":"https:\/\/thetelegraph.com.tr\/no\/wp-json\/wp\/v2\/media?parent=49505"}],"curies":[{"name":"wp","href":"https:\/\/api.w.org\/{rel}","templated":true}]}}