{"id":49562,"date":"2025-03-18T14:53:30","date_gmt":"2025-03-18T11:53:30","guid":{"rendered":"https:\/\/thetelegraph.com.tr\/?page_id=49562"},"modified":"2025-03-18T15:23:39","modified_gmt":"2025-03-18T12:23:39","slug":"concierge-service","status":"publish","type":"page","link":"https:\/\/thetelegraph.com.tr\/no\/concierge-service\/","title":{"rendered":"Concierge-tjenester"},"content":{"rendered":"<p>[vc_row el_id=&raquo;airporttransfer&raquo;][vc_column width=&raquo;1\/4&#8243;][vc_single_image image=&raquo;49564&#8243; img_size=&raquo;full&raquo;][\/vc_column][vc_column width=&raquo;3\/4&#8243;][vc_custom_heading text=&raquo;Flyplasstransport&raquo; use_theme_fonts=&raquo;yes&raquo;][vc_column_text]Hvis du har behov for overf\u00f8ringstjeneste, ang\u00e5ende din ferie eller forretningsreise, eller tjenesten vil dekke dine behov p\u00e5 en enkel og sikker m\u00e5te og tar deg dit du trenger. For reiser til og fra Antalya og Gazipasa flyplasser gj\u00f8res reservasjoner via v\u00e5r nettside. V\u00e5r partner har alle tillatelser og forsikringer (kj\u00f8ret\u00f8y, sj\u00e5f\u00f8r, passasjerer) som er obligatorisk for transferselskaper, og service jeg utf\u00f8rer regelmessig p\u00e5 kj\u00f8ret\u00f8yene.[\/vc_column_text][\/vc_column][\/vc_row][vc_row el_id=&raquo;apartmentcleaning&raquo;][vc_column width=&raquo;3\/4&#8243;][vc_custom_heading text=&raquo;Rengj\u00f8ring av leiligheter&raquo; use_theme_fonts=&raquo;yes&raquo;][vc_column_text]Vi tilbyr alle rengj\u00f8ringstjenester du trenger til hjemmet ditt. Hygiene er viktig, og vi dekker alle typer renhold, fra generell rengj\u00f8ring, vinduer og utvendig. V\u00e5rt konsept og m\u00e5l er \u00e5 levere profesjonell, kvalitetsrengj\u00f8ring med p\u00e5litelige ansatte.[\/vc_column_text][\/vc_column][vc_column width=&raquo;1\/4&#8243;][vc_single_image image=&raquo;49565&#8243; img_size=&raquo;full&raquo;][\/vc_column][\/vc_row][vc_row el_id=&raquo;laundryanddrycleanservices&raquo;][vc_column width=&raquo;1\/4&#8243;][vc_single_image image=&raquo;49566&#8243; img_size=&raquo;full&raquo;][\/vc_column][vc_column width=&raquo;3\/4&#8243;][vc_custom_heading text=&raquo;Klesvask og renseritjenester&raquo; use_theme_fonts=&raquo;yes&raquo;][vc_column_text]Tiden g\u00e5r fort i v\u00e5re travle liv, og ingen har noe tid \u00e5 kaste bort, men vi kan, med tjenesten v\u00e5r, hjelpe deg med \u00e5 spare tid. Vi tilbyr klesvask og renseritjenester av kl\u00e6r, senget\u00f8y, gardiner og tepper, og alt vil bli hentet og levert hjemme hos deg. Du trenger ikke bruke energien din p\u00e5 klesvask, v\u00e5r profesjonelle vaskeriservice s\u00f8rger for at alt blir rent.[\/vc_column_text][\/vc_column][\/vc_row][vc_row el_id=&raquo;petservices&raquo;][vc_column width=&raquo;3\/4&#8243;][vc_custom_heading text=&raquo;Kj\u00e6ledyrtjenester&raquo; use_theme_fonts=&raquo;yes&raquo;][vc_column_text]For de som eier et kj\u00e6ledyr, vet at de er akkurat som ethvert familiemedlem og en viktig del av livene v\u00e5re. Vi samarbeider med en erfaren og kunnskapsrik veterin\u00e6r som kan dekke alle behov for helsehjelp for kj\u00e6ledyret ditt, inkludert kirurgi, vaksiner, sterilisering, stell, kvalitetsf\u00f4r og diettforslag.[\/vc_column_text][\/vc_column][vc_column width=&raquo;1\/4&#8243;][vc_single_image image=&raquo;49567&#8243; img_size=&raquo;full&raquo;][\/vc_column][\/vc_row][vc_row el_id=&raquo;rentacarservices&raquo;][vc_column width=&raquo;1\/4&#8243;][vc_single_image image=&raquo;49568&#8243; img_size=&raquo;full&raquo;][\/vc_column][vc_column width=&raquo;3\/4&#8243;][vc_custom_heading text=&raquo;Leie en bil tjenester&raquo; use_theme_fonts=&raquo;yes&raquo;][vc_column_text]V\u00e5r leiebilpartner tilbyr b\u00e5de kort- og langtidsleie. \u00c5 leie en bil gj\u00f8r det enkelt \u00e5 bevege seg rundt i ferien, og gir deg friheten til \u00e5 utforske og se nye steder. og gj\u00f8r det mulig \u00e5 n\u00e5 steder der det ikke er organiserte turer. Gi tillatelse til \u00e5 gj\u00f8re ferien uforglemmelig[\/vc_column_text][\/vc_column][\/vc_row][vc_row el_id=&raquo;insuranceservices&raquo;][vc_column width=&raquo;3\/4&#8243;][vc_custom_heading text=&raquo;Forsikringstjenester&raquo; use_theme_fonts=&raquo;yes&raquo;][vc_column_text]Vi kan forsikre ditt hjem og innbo for skader og tyveri. En p\u00e5litelig forsikring skal garantere at n\u00e5r noe skjer med boligen eller innboet, skal det l\u00f8ses uten un\u00f8dig forsinkelse eller problemer. Vi tilbyr ogs\u00e5 andre typer forsikringer, som helse- og reiseforsikring. V\u00e5r spesialavtale garanterer \u00e5 gi deg spesialpris p\u00e5 dine forsikringer, og vi vil v\u00e6re ditt eneste kontaktpunkt dersom noe skulle skje.[\/vc_column_text][\/vc_column][vc_column width=&raquo;1\/4&#8243;][vc_single_image image=&raquo;49568&#8243; img_size=&raquo;full&raquo;][\/vc_column][\/vc_row]<\/p>","protected":false},"excerpt":{"rendered":"<p>[vc_row el_id=&raquo;airporttransfer&raquo;][vc_column width=&raquo;1\/4&#8243;][vc_single_image image=&raquo;49564&#8243; img_size=&raquo;full&raquo;][\/vc_column][vc_column width=&raquo;3\/4&#8243;][vc_custom_heading text=&raquo;Flyplasstransport&raquo; use_theme_fonts=&raquo;yes&raquo;][vc_column_text]Hvis du har behov for overf\u00f8ringstjeneste, ang\u00e5ende din ferie eller forretningsreise, eller tjenesten vil dekke dine behov p\u00e5 en enkel og sikker m\u00e5te og tar deg dit du trenger. For reiser til og fra Antalya og Gazipasa flyplasser gj\u00f8res reservasjoner via v\u00e5r nettside. V\u00e5r partner har alle tillatelser [&hellip;]<\/p>\n","protected":false},"author":5,"featured_media":0,"parent":0,"menu_order":0,"comment_status":"closed","ping_status":"closed","template":"","meta":{"inline_featured_image":false,"footnotes":""},"class_list":["post-49562","page","type-page","status-publish","hentry"],"_links":{"self":[{"href":"https:\/\/thetelegraph.com.tr\/no\/wp-json\/wp\/v2\/pages\/49562","targetHints":{"allow":["GET"]}}],"collection":[{"href":"https:\/\/thetelegraph.com.tr\/no\/wp-json\/wp\/v2\/pages"}],"about":[{"href":"https:\/\/thetelegraph.com.tr\/no\/wp-json\/wp\/v2\/types\/page"}],"author":[{"embeddable":true,"href":"https:\/\/thetelegraph.com.tr\/no\/wp-json\/wp\/v2\/users\/5"}],"replies":[{"embeddable":true,"href":"https:\/\/thetelegraph.com.tr\/no\/wp-json\/wp\/v2\/comments?post=49562"}],"version-history":[{"count":3,"href":"https:\/\/thetelegraph.com.tr\/no\/wp-json\/wp\/v2\/pages\/49562\/revisions"}],"predecessor-version":[{"id":49573,"href":"https:\/\/thetelegraph.com.tr\/no\/wp-json\/wp\/v2\/pages\/49562\/revisions\/49573"}],"wp:attachment":[{"href":"https:\/\/thetelegraph.com.tr\/no\/wp-json\/wp\/v2\/media?parent=49562"}],"curies":[{"name":"wp","href":"https:\/\/api.w.org\/{rel}","templated":true}]}}