{"id":49639,"date":"2025-03-23T16:50:46","date_gmt":"2025-03-23T13:50:46","guid":{"rendered":"https:\/\/thetelegraph.com.tr\/?page_id=49639"},"modified":"2025-04-18T14:49:00","modified_gmt":"2025-04-18T11:49:00","slug":"house-care-service-package","status":"publish","type":"page","link":"https:\/\/thetelegraph.com.tr\/no\/house-care-service-package\/","title":{"rendered":"Husplass Service &#038; Pakke"},"content":{"rendered":"<p>[vc_row][vc_column][vc_custom_heading text=&raquo;HUSPLASS SERVICE &amp; PAKKE&raquo; font_container=&raquo;tag:h2|text_align:center&raquo; use_theme_fonts=&raquo;yes&raquo; el_class=&raquo;gold-header&raquo;][vc_column_text el_class=&raquo;gold-sub-header&raquo;]<\/p>\n<h3 class=\"tbk__title kl-font-alt fw-semibold dark-gray\" style=\"text-align: center;\">VI TILBYR DEG TJENESTER FOR HUSPLASS<\/h3>\n<h4 class=\"tbk__subtitle fw-thin\" style=\"text-align: center;\">For alle v\u00e5re tjenester vil vi v\u00e6re ditt eneste kontaktpunkt, du trenger ikke \u00e5 tenke p\u00e5 hvem du skal ringe \u2013 vi fikser alt.<\/h4>\n<p>[\/vc_column_text][\/vc_column][\/vc_row][vc_row][vc_column width=&raquo;1\/3&#8243;]<style>\r\n\r\n.style3 .apaw-pricing-inner .head_bg.border-color-74421 {\r\n    \r\n\tborder-color: rgba(0, 0, 0, 0) rgba(0, 0, 0, 0)  !important;}\r\n\r\n\r\n\r\n<\/style>\r\n<div id=\"apaw-74421\" class=\"apaw-pricing-wrapper preset1  style2  \">\r\n    <div class=\"apaw-pricing-inner\">\r\n        <div class=\"apaw-pricing-header recommendstyle2\">\r\n            \t\t\t             <div class=\"apaw-pricing-holder\">\r\n                                    <h3 class=\"apaw-pricing-title\" style=\"\">BASISPAKKE<\/h3> \r\n                                            <\/div>\r\n            <div class=\"apaw-pricing-meta border-color-74421\" style=\"\">\r\n                <div class=\"apaw-pricing-circle-74421 \">\r\n\t\t\t\t<span class=\"apaw-pricing-price\" style=\"\">\r\n                    \u20ba 750,00  \r\n                <\/span>\r\n                <span class=\"apaw-pricing-time\" style=\"\">\r\n                    \/ \u00c5RLIG  \r\n                <\/span>\r\n            <\/div>\r\n\t\t\t<\/div>\r\n        <\/div>\r\n        <div class=\"apaw-pricing-body\">\r\n                            <ul class=\"apaw-pricing-content\">\r\n                                            <li class=\"active\"> <i class=\"\"  style=\"color:;\"><\/i>Einlagenkonto<\/li>\r\n                                            <li class=\"active\"> <i class=\"\"  style=\"color:;\"><\/i>Online-Konto<\/li>\r\n                                            <li class=\"active\"> <i class=\"\"  style=\"color:;\"><\/i>Sichere Schl\u00fcsselaufbewahrung<\/li>\r\n                                            <li class=\"active\"> <i class=\"\"  style=\"color:;\"><\/i>Zahlung der monatlichen Stromrechnungen<\/li>\r\n                                            <li class=\"active\"> <i class=\"\"  style=\"color:;\"><\/i>Zahlung der monatlichen Wasserrechnungen<\/li>\r\n                                            <li class=\"active\"> <i class=\"\"  style=\"color:;\"><\/i>Zahlung der monatlichen Internetrechnungen<\/li>\r\n                                            <li class=\"active\"> <i class=\"\"  style=\"color:;\"><\/i>Zahlung der monatlichen Telefonrechnungen<\/li>\r\n                                            <li class=\"active\"> <i class=\"\"  style=\"color:;\"><\/i>Versicherungsleistungen<\/li>\r\n                                            <li class=\"active\"> <i class=\"\"  style=\"color:;\"><\/i>Versicherung og Versicherung, regelm\u00e4\u00dfig erneuern<\/li>\r\n                                            <li class=\"active\"> <i class=\"\"  style=\"color:;\"><\/i>Regelm\u00e4\u00dfige Steuerzahlung<\/li>\r\n                                            <li class=\"active\"> <i class=\"\"  style=\"color:;\"><\/i>Zahlung der Verwaltungsgeb\u00fchren<\/li>\r\n                                            <li class=\"active\"> <i class=\"\"  style=\"color:;\"><\/i>360-Tage-Assistanse<\/li>\r\n                                            <li class=\"active\"> <i class=\"\"  style=\"color:;\"><\/i>Arzt\/Krankenhaus<\/li>\r\n                                            <li class=\"active\"> <i class=\"\"  style=\"color:;\"><\/i>-<\/li>\r\n                                            <li class=\"active\"> <i class=\"\"  style=\"color:;\"><\/i>-<\/li>\r\n                                            <li class=\"active\"> <i class=\"\"  style=\"color:;\"><\/i>-<\/li>\r\n                                            <li class=\"active\"> <i class=\"\"  style=\"color:;\"><\/i>-<\/li>\r\n                                            <li class=\"active\"> <i class=\"\"  style=\"color:;\"><\/i>-<\/li>\r\n                                    <\/ul>\r\n                                        <div class=\"apaw-pricing-button btnstyle3 btnshadow-74421\">\r\n                    <a class=\"btn-74421\" href=\"https:\/\/thetelegraph.com.tr\/contact\/\" target=\"_self\">\r\n                        BESTILL N\u00c5                    <\/a>\r\n                <\/div>\r\n                    <\/div>\r\n    <\/div>\r\n<\/div>\r\n\r\n    [\/vc_column][vc_column width=&raquo;1\/3&#8243;]<style>\r\n\r\n.style3 .apaw-pricing-inner .head_bg.border-color-43274 {\r\n    \r\n\tborder-color: rgba(0, 0, 0, 0) rgba(0, 0, 0, 0)  !important;}\r\n\r\n\r\n\r\n<\/style>\r\n<div id=\"apaw-43274\" class=\"apaw-pricing-wrapper preset1  style2  \">\r\n    <div class=\"apaw-pricing-inner\">\r\n        <div class=\"apaw-pricing-header recommendstyle2\">\r\n            \t\t\t             <div class=\"apaw-pricing-holder\">\r\n                                    <h3 class=\"apaw-pricing-title\" style=\"\">S\u00d8LVPAKKE<\/h3> \r\n                                            <\/div>\r\n            <div class=\"apaw-pricing-meta border-color-43274\" style=\"\">\r\n                <div class=\"apaw-pricing-circle-43274 \">\r\n\t\t\t\t<span class=\"apaw-pricing-price\" style=\"\">\r\n                    \u20ba 990,00  \r\n                <\/span>\r\n                <span class=\"apaw-pricing-time\" style=\"\">\r\n                    \/ \u00c5RLIG  \r\n                <\/span>\r\n            <\/div>\r\n\t\t\t<\/div>\r\n        <\/div>\r\n        <div class=\"apaw-pricing-body\">\r\n                            <ul class=\"apaw-pricing-content\">\r\n                                            <li class=\"active\"> <i class=\"\"  style=\"color:;\"><\/i>Innskuddskonto<\/li>\r\n                                            <li class=\"active\"> <i class=\"\"  style=\"color:;\"><\/i>Online konto<\/li>\r\n                                            <li class=\"active\"> <i class=\"\"  style=\"color:;\"><\/i>Sikker n\u00f8kkeloppbevaring<\/li>\r\n                                            <li class=\"active\"> <i class=\"\"  style=\"color:;\"><\/i>Betaling av str\u00f8mregninger<\/li>\r\n                                            <li class=\"active\"> <i class=\"\"  style=\"color:;\"><\/i>Betaling av vannregninger<\/li>\r\n                                            <li class=\"active\"> <i class=\"\"  style=\"color:;\"><\/i>Betalinger av internettregninger<\/li>\r\n                                            <li class=\"active\"> <i class=\"\"  style=\"color:;\"><\/i>Betaling av telefonregninger<\/li>\r\n                                            <li class=\"active\"> <i class=\"\"  style=\"color:;\"><\/i>Forsikringstjenester<\/li>\r\n                                            <li class=\"active\"> <i class=\"\"  style=\"color:;\"><\/i>Forsikring og dask, Forny regelmessig<\/li>\r\n                                            <li class=\"active\"> <i class=\"\"  style=\"color:;\"><\/i>Betaling av skatter regelmessig<\/li>\r\n                                            <li class=\"active\"> <i class=\"\"  style=\"color:;\"><\/i>Betaling av forvaltningshonorar<\/li>\r\n                                            <li class=\"active\"> <i class=\"\"  style=\"color:;\"><\/i>360 dagers assistanse<\/li>\r\n                                            <li class=\"active\"> <i class=\"\"  style=\"color:;\"><\/i>Lege \/ sykehus<\/li>\r\n                                            <li class=\"active\"> <i class=\"\"  style=\"color:;\"><\/i>Luftetjeneste p\u00e5 m\u00e5nedlig 2 ganger<\/li>\r\n                                            <li class=\"active\"> <i class=\"\"  style=\"color:;\"><\/i>Gratis n\u00f8kkelskift 1 gang p\u00e5 \u00e5ret<\/li>\r\n                                            <li class=\"active\"> <i class=\"\"  style=\"color:;\"><\/i>Insektspr\u00f8yting 1 ganger i \u00e5ret<\/li>\r\n                                            <li class=\"active\"> <i class=\"\"  style=\"color:;\"><\/i>-<\/li>\r\n                                            <li class=\"active\"> <i class=\"\"  style=\"color:;\"><\/i>A\/C Rengj\u00f8ring 2 stk gratis av \u00e5ret<\/li>\r\n                                    <\/ul>\r\n                                        <div class=\"apaw-pricing-button btnstyle3 btnshadow-43274\">\r\n                    <a class=\"btn-43274\" href=\"https:\/\/thetelegraph.com.tr\/contact\/\" target=\"_self\">\r\n                        BESTILL N\u00c5                    <\/a>\r\n                <\/div>\r\n                    <\/div>\r\n    <\/div>\r\n<\/div>\r\n\r\n    [\/vc_column][vc_column width=&raquo;1\/3&#8243;]<style>\r\n\r\n.style3 .apaw-pricing-inner .head_bg.border-color-16412 {\r\n    \r\n\tborder-color: rgba(0, 0, 0, 0) rgba(0, 0, 0, 0)  !important;}\r\n\r\n\r\n\r\n<\/style>\r\n<div id=\"apaw-16412\" class=\"apaw-pricing-wrapper preset1  style2  \">\r\n    <div class=\"apaw-pricing-inner\">\r\n        <div class=\"apaw-pricing-header recommendstyle2\">\r\n            \t\t\t             <div class=\"apaw-pricing-holder\">\r\n                                    <h3 class=\"apaw-pricing-title\" style=\"\">GULL PAKKE<\/h3> \r\n                                            <\/div>\r\n            <div class=\"apaw-pricing-meta border-color-16412\" style=\"\">\r\n                <div class=\"apaw-pricing-circle-16412 \">\r\n\t\t\t\t<span class=\"apaw-pricing-price\" style=\"\">\r\n                    \u20ba 1.480,00  \r\n                <\/span>\r\n                <span class=\"apaw-pricing-time\" style=\"\">\r\n                    \/ \u00c5RLIG  \r\n                <\/span>\r\n            <\/div>\r\n\t\t\t<\/div>\r\n        <\/div>\r\n        <div class=\"apaw-pricing-body\">\r\n                            <ul class=\"apaw-pricing-content\">\r\n                                            <li class=\"active\"> <i class=\"\"  style=\"color:;\"><\/i>Innskuddskonto<\/li>\r\n                                            <li class=\"active\"> <i class=\"\"  style=\"color:;\"><\/i>Online konto<\/li>\r\n                                            <li class=\"active\"> <i class=\"\"  style=\"color:;\"><\/i>Sikker n\u00f8kkeloppbevaring<\/li>\r\n                                            <li class=\"active\"> <i class=\"\"  style=\"color:;\"><\/i>Betalinger av m\u00e5nedlige str\u00f8mregninger<\/li>\r\n                                            <li class=\"active\"> <i class=\"\"  style=\"color:;\"><\/i>Betaling av m\u00e5nedlige vannregninger<\/li>\r\n                                            <li class=\"active\"> <i class=\"\"  style=\"color:;\"><\/i>Betalinger av m\u00e5nedlige internettregninger<\/li>\r\n                                            <li class=\"active\"> <i class=\"\"  style=\"color:;\"><\/i>Betaling av m\u00e5nedlige telefonregninger<\/li>\r\n                                            <li class=\"active\"> <i class=\"\"  style=\"color:;\"><\/i>Forsikringstjenester<\/li>\r\n                                            <li class=\"active\"> <i class=\"\"  style=\"color:;\"><\/i>Forsikring og dask, Forny regelmessig<\/li>\r\n                                            <li class=\"active\"> <i class=\"\"  style=\"color:;\"><\/i>Betaling av skatter regelmessig<\/li>\r\n                                            <li class=\"active\"> <i class=\"\"  style=\"color:;\"><\/i>Betaling av forvaltningshonorar<\/li>\r\n                                            <li class=\"active\"> <i class=\"\"  style=\"color:;\"><\/i>360 dagers assistanse<\/li>\r\n                                            <li class=\"active\"> <i class=\"\"  style=\"color:;\"><\/i>Lege \/ sykehus<\/li>\r\n                                            <li class=\"active\"> <i class=\"\"  style=\"color:;\"><\/i>Luftetjeneste p\u00e5 m\u00e5nedlig 2 gang<\/li>\r\n                                            <li class=\"active\"> <i class=\"\"  style=\"color:;\"><\/i>Gratis n\u00f8kkelskift 1 gang p\u00e5 \u00e5ret<\/li>\r\n                                            <li class=\"active\"> <i class=\"\"  style=\"color:;\"><\/i>Gratis insektspr\u00f8yting 2 ganger p\u00e5 \u00e5ret<\/li>\r\n                                            <li class=\"active\"> <i class=\"\"  style=\"color:;\"><\/i>Gave -Alanyaspor Pasolig kort 2stk<\/li>\r\n                                            <li class=\"active\"> <i class=\"\"  style=\"color:;\"><\/i>A\/C Rengj\u00f8ring 4stk gratis av \u00e5ret<\/li>\r\n                                    <\/ul>\r\n                                        <div class=\"apaw-pricing-button btnstyle3 btnshadow-16412\">\r\n                    <a class=\"btn-16412\" href=\"https:\/\/thetelegraph.com.tr\/contact\/\" target=\"_self\">\r\n                        BESTILL N\u00c5                    <\/a>\r\n                <\/div>\r\n                    <\/div>\r\n    <\/div>\r\n<\/div>\r\n\r\n    [\/vc_column][\/vc_row][vc_row][vc_column][vc_empty_space height=&raquo;50px&raquo;][\/vc_column][\/vc_row][vc_row][vc_column width=&raquo;1\/3&#8243;][vc_column_text el_class=&raquo;border-left-gold&raquo;]Betalt tjeneste (* All Package)<\/p>\n<p>Flyplasstransport<br \/>\nHusrengj\u00f8ring<br \/>\nIptv-TV-tjeneste<br \/>\nRenovering av leilighet<br \/>\nInnredning av leilighet[\/vc_column_text][\/vc_column][vc_column width=&raquo;1\/3&#8243;][vc_column_text el_class=&raquo;border-left-gold&raquo;]Betalt tjeneste (* All pakke)<\/p>\n<p>Vedlikehold av solvarmeanlegg<br \/>\nVedlikehold av motstanden til varmtvannsberederen<br \/>\nVedlikehold av klimaanlegg<br \/>\nMontering av m\u00f8bler<br \/>\nRengj\u00f8ring av vanndispenseren regelmessig[\/vc_column_text][\/vc_column][vc_column width=&raquo;1\/3&#8243;][vc_column_text el_class=&raquo;border-left-gold&raquo;]Betalt tjeneste (* All pakke)<\/p>\n<p>Innbyggertillatelse<br \/>\nAbonnementstjeneste<br \/>\nArvebevis<br \/>\nOrganisering av arrangementer<br \/>\nVann p\u00e5 flaske[\/vc_column_text][\/vc_column][\/vc_row]<\/p>","protected":false},"excerpt":{"rendered":"<p>[vc_row][vc_column][vc_custom_heading text=&raquo;HUSPLASS SERVICE &amp; PAKKE&raquo; font_container=&raquo;tag:h2|text_align:center&raquo; use_theme_fonts=&raquo;yes&raquo; el_class=&raquo;gold-header&raquo;][vc_column_text el_class=&raquo;gold-sub-header&raquo;] VI TILBYR DEG TJENESTER FOR HUSPLASS For alle v\u00e5re tjenester vil vi v\u00e6re ditt eneste kontaktpunkt, du trenger ikke \u00e5 tenke p\u00e5 hvem du skal ringe \u2013 vi fikser alt. [\/vc_column_text][\/vc_column][\/vc_row][vc_row][vc_column width=&raquo;1\/3&#8243;][\/vc_column][vc_column width=&raquo;1\/3&#8243;][\/vc_column][vc_column width=&raquo;1\/3&#8243;][\/vc_column][\/vc_row][vc_row][vc_column][vc_empty_space height=&raquo;50px&raquo;][\/vc_column][\/vc_row][vc_row][vc_column width=&raquo;1\/3&#8243;][vc_column_text el_class=&raquo;border-left-gold&raquo;]Betalt tjeneste (* All Package) Flyplasstransport Husrengj\u00f8ring Iptv-TV-tjeneste Renovering av [&hellip;]<\/p>\n","protected":false},"author":5,"featured_media":0,"parent":0,"menu_order":0,"comment_status":"closed","ping_status":"closed","template":"","meta":{"inline_featured_image":false,"footnotes":""},"class_list":["post-49639","page","type-page","status-publish","hentry"],"_links":{"self":[{"href":"https:\/\/thetelegraph.com.tr\/no\/wp-json\/wp\/v2\/pages\/49639","targetHints":{"allow":["GET"]}}],"collection":[{"href":"https:\/\/thetelegraph.com.tr\/no\/wp-json\/wp\/v2\/pages"}],"about":[{"href":"https:\/\/thetelegraph.com.tr\/no\/wp-json\/wp\/v2\/types\/page"}],"author":[{"embeddable":true,"href":"https:\/\/thetelegraph.com.tr\/no\/wp-json\/wp\/v2\/users\/5"}],"replies":[{"embeddable":true,"href":"https:\/\/thetelegraph.com.tr\/no\/wp-json\/wp\/v2\/comments?post=49639"}],"version-history":[{"count":3,"href":"https:\/\/thetelegraph.com.tr\/no\/wp-json\/wp\/v2\/pages\/49639\/revisions"}],"predecessor-version":[{"id":49963,"href":"https:\/\/thetelegraph.com.tr\/no\/wp-json\/wp\/v2\/pages\/49639\/revisions\/49963"}],"wp:attachment":[{"href":"https:\/\/thetelegraph.com.tr\/no\/wp-json\/wp\/v2\/media?parent=49639"}],"curies":[{"name":"wp","href":"https:\/\/api.w.org\/{rel}","templated":true}]}}