{"id":27725,"date":"2023-04-02T20:01:18","date_gmt":"2023-04-02T17:01:18","guid":{"rendered":"https:\/\/thetelegraph.com.tr\/?page_id=27725"},"modified":"2025-02-01T14:28:16","modified_gmt":"2025-02-01T11:28:16","slug":"compare","status":"publish","type":"page","link":"https:\/\/thetelegraph.com.tr\/tr\/compare\/","title":{"rendered":"Kar\u015f\u0131la\u015ft\u0131r"},"content":{"rendered":"<p>[vc_row][vc_column]            <style>\n                .estate .estate-image img {\n                    width: 300px;\n                    height: 150px;\n                    object-fit: cover !important;\n                    min-width: 300px;\n                }\n\n                .estate .title {\n                    margin: 15px 0px;\n                }\n\n                .estate a { }\n                .estate .check { color: green; }\n                .estate .times { color: rgba(204, 51, 51, 1);}\n                .estate-row {\n                   border-bottom: 1px #ccc solid;\n                       padding: 8px;\n                }\n                .estate-row.b {\n                    font-weight: 600;\n                     font-size: 24px;\n\n                }\n\n            <\/style>\n            <div class=\"table-responsive\">\n                <table class=\"table estate\">\n                   <tr>\n                        <td width=\"300px\">&nbsp;<\/td>\n                                           <\/tr>\n                   <tr>\n                        <td>\n                          <div class=\"row\">\n                            <div class=\"col-12 head estate-row b\">Fiyat<\/div>\n                            <div class=\"col-12 head estate-row\">Konum<\/div>\n                            <div class=\"col-12 head estate-row\">Oda T\u00fcr\u00fc<\/div>\n                            <div class=\"col-12 head estate-row\">Banyo<\/div>\n                            <div class=\"col-12 head estate-row\">Balkon<\/div>\n                            <div class=\"col-12 head estate-row\">Boyut<\/div>\n                            <div class=\"col-12 head estate-row\">Y\u0131l<\/div>\n                                                            <div class=\"col-12 head estate-row b\">De\u011ferli \u00d6zellikler<\/div>\n                                                                <div class=\"col-12 head estate-row\">\u00d6zel Garaj<\/div>\n                                                                <div class=\"col-12 head estate-row\">\u00d6zel Bah\u00e7e<\/div>\n                                                                <div class=\"col-12 head estate-row\">\u00d6zel Havuz<\/div>\n                                                                <div class=\"col-12 head estate-row\">\u00d6zel Teras<\/div>\n                                                                <div class=\"col-12 head estate-row\">Deniz Manzaras\u0131<\/div>\n                                                                <div class=\"col-12 head estate-row\">G\u00fcne\u015f Enerji Sistemi<\/div>\n                                                                <div class=\"col-12 head estate-row\">Yat\u0131r\u0131ma Uygun<\/div>\n                                                                <div class=\"col-12 head estate-row\">Vatanda\u015fl\u0131\u011fa Uygun<\/div>\n                                                                <div class=\"col-12 head estate-row\">Yerden Is\u0131tmal\u0131 Banyo<\/div>\n                                                                <div class=\"col-12 head estate-row b\">D\u0131\u015f \u00d6zellikler<\/div>\n                                                                <div class=\"col-12 head estate-row\">Otopark<\/div>\n                                                                <div class=\"col-12 head estate-row\">Bek\u00e7i<\/div>\n                                                                <div class=\"col-12 head estate-row\">\u00c7ocuk Y\u00fczme Havusu<\/div>\n                                                                <div class=\"col-12 head estate-row\">Asans\u00f6r<\/div>\n                                                                <div class=\"col-12 head estate-row\">Bah\u00e7e<\/div>\n                                                                <div class=\"col-12 head estate-row\">Jenarat\u00f6r<\/div>\n                                                                <div class=\"col-12 head estate-row\">Kapal\u0131 Havuz<\/div>\n                                                                <div class=\"col-12 head estate-row\">A\u00e7\u0131k Havuz<\/div>\n                                                                <div class=\"col-12 head estate-row\">Havuz Bar<\/div>\n                                                                <div class=\"col-12 head estate-row\">G\u00fcvenlik<\/div>\n                                                                <div class=\"col-12 head estate-row\">Depo<\/div>\n                                                                <div class=\"col-12 head estate-row\">Y\u00fczme Havuzu<\/div>\n                                                                <div class=\"col-12 head estate-row\">Tekerlekli Sandalyeye Uygun<\/div>\n                                                                <div class=\"col-12 head estate-row b\">\u0130\u00e7 \u00d6zellikler<\/div>\n                                                                <div class=\"col-12 head estate-row\">Klima<\/div>\n                                                                <div class=\"col-12 head estate-row\">Al\u00fcminyum Pencereler<\/div>\n                                                                <div class=\"col-12 head estate-row\">Balkon<\/div>\n                                                                <div class=\"col-12 head estate-row\">Ankastre Mutfak Dolaplar\u0131<\/div>\n                                                                <div class=\"col-12 head estate-row\">Seramik Zemin<\/div>\n                                                                <div class=\"col-12 head estate-row\">Giyinme odas\u0131<\/div>\n                                                                <div class=\"col-12 head estate-row\">Asans\u00f6r<\/div>\n                                                                <div class=\"col-12 head estate-row\">Al\u00e7\u0131pan Tavanlar<\/div>\n                                                                <div class=\"col-12 head estate-row\">Parke Zemin<\/div>\n                                                                <div class=\"col-12 head estate-row\">Ebeveyn Banyosu<\/div>\n                                                                <div class=\"col-12 head estate-row\">Mobilya<\/div>\n                                                                <div class=\"col-12 head estate-row\">Parke zemin<\/div>\n                                                                <div class=\"col-12 head estate-row\">PVC Pencere<\/div>\n                                                                <div class=\"col-12 head estate-row\">Du\u015fakabin<\/div>\n                                                                <div class=\"col-12 head estate-row\">\u00c7elik kap\u0131<\/div>\n                                                                <div class=\"col-12 head estate-row\">Yerden Is\u0131tmal\u0131 Banyo<\/div>\n                                                                <div class=\"col-12 head estate-row\">Depo<\/div>\n                                                                <div class=\"col-12 head estate-row\">Beyaz e\u015fya<\/div>\n                                                                <div class=\"col-12 head estate-row b\">Konum \u00d6zellikleri<\/div>\n                                                                <div class=\"col-12 head estate-row\">Alanya Manzaras\u0131<\/div>\n                                                                <div class=\"col-12 head estate-row\">Alanyum<\/div>\n                                                                <div class=\"col-12 head estate-row\">E\u011flence merkezi<\/div>\n                                                                <div class=\"col-12 head estate-row\">\u00c7ar\u015f\u0131<\/div>\n                                                                <div class=\"col-12 head estate-row\">B\u0130M<\/div>\n                                                                <div class=\"col-12 head estate-row\">Otob\u00fcs Dura\u011f\u0131<\/div>\n                                                                <div class=\"col-12 head estate-row\">Hastane<\/div>\n                                                                <div class=\"col-12 head estate-row\">Ko\u00e7ta\u015f<\/div>\n                                                                <div class=\"col-12 head estate-row\">Metro AVM<\/div>\n                                                                <div class=\"col-12 head estate-row\">Migros<\/div>\n                                                                <div class=\"col-12 head estate-row\">Do\u011fa Manzaras\u0131<\/div>\n                                                                <div class=\"col-12 head estate-row\">Eczane<\/div>\n                                                                <div class=\"col-12 head estate-row\">Halk Park\u0131<\/div>\n                                                                <div class=\"col-12 head estate-row\">Restoran<\/div>\n                                                                <div class=\"col-12 head estate-row\">Okul<\/div>\n                                                                <div class=\"col-12 head estate-row\">Deniz Manzaras\u0131<\/div>\n                                                          <\/div>\n                        <\/td>\n                                           <\/tr>\n                <\/table>\n            <\/div>\n        [\/vc_column][\/vc_row]<\/p>","protected":false},"excerpt":{"rendered":"<p>[vc_row][vc_column][\/vc_column][\/vc_row]<\/p>\n","protected":false},"author":5,"featured_media":0,"parent":0,"menu_order":0,"comment_status":"closed","ping_status":"closed","template":"","meta":{"inline_featured_image":false,"footnotes":""},"class_list":["post-27725","page","type-page","status-publish","hentry"],"_links":{"self":[{"href":"https:\/\/thetelegraph.com.tr\/tr\/wp-json\/wp\/v2\/pages\/27725","targetHints":{"allow":["GET"]}}],"collection":[{"href":"https:\/\/thetelegraph.com.tr\/tr\/wp-json\/wp\/v2\/pages"}],"about":[{"href":"https:\/\/thetelegraph.com.tr\/tr\/wp-json\/wp\/v2\/types\/page"}],"author":[{"embeddable":true,"href":"https:\/\/thetelegraph.com.tr\/tr\/wp-json\/wp\/v2\/users\/5"}],"replies":[{"embeddable":true,"href":"https:\/\/thetelegraph.com.tr\/tr\/wp-json\/wp\/v2\/comments?post=27725"}],"version-history":[{"count":1,"href":"https:\/\/thetelegraph.com.tr\/tr\/wp-json\/wp\/v2\/pages\/27725\/revisions"}],"predecessor-version":[{"id":48602,"href":"https:\/\/thetelegraph.com.tr\/tr\/wp-json\/wp\/v2\/pages\/27725\/revisions\/48602"}],"wp:attachment":[{"href":"https:\/\/thetelegraph.com.tr\/tr\/wp-json\/wp\/v2\/media?parent=27725"}],"curies":[{"name":"wp","href":"https:\/\/api.w.org\/{rel}","templated":true}]}}