{"id":28349,"date":"2023-04-17T10:32:57","date_gmt":"2023-04-17T07:32:57","guid":{"rendered":"https:\/\/thetelegraph.com.tr\/?page_id=28349"},"modified":"2025-02-21T21:19:04","modified_gmt":"2025-02-21T18:19:04","slug":"jobb-med-oss","status":"publish","type":"page","link":"https:\/\/thetelegraph.com.tr\/tr\/jobb-med-oss\/","title":{"rendered":"Bizimle \u00e7al\u0131\u015f\u0131n"},"content":{"rendered":"<p>[vc_row][vc_column]<div class=\"hero default\">Bizimle \u00c7al\u0131\u015fmak \u0130stermisiniz<\/div>[\/vc_column][\/vc_row][vc_row][vc_column][vc_column_text]Emlak Sekt\u00f6r\u00fcnde Lider Bir Ekibin Par\u00e7as\u0131 Olmak \u0130ster misiniz?<br \/>\nThe Telegraph, T\u00fcrkiye&#8217;nin gen\u00e7 ve geli\u015fen bir emlak \u015firketidir. Ayr\u0131ca, Home City Alanya \u015firketinin resmi orta\u011f\u0131d\u0131r. (Alanya&#8217;daki emlak piyasas\u0131nda 2003 y\u0131l\u0131ndan beri faaliyet g\u00f6stermektedir).<br \/>\nBizi Farkl\u0131 K\u0131lan Nedir?<br \/>\nEmlak sekt\u00f6r\u00fcn\u00fc \u00e7ok iyi biliyoruz. M\u00fc\u015fterilerimizin istek ve ihtiya\u00e7lar\u0131na \u00f6nem veren, %100 m\u00fc\u015fteri mutlulu\u011fu ilkesiyle \u00e7al\u0131\u015fan profesyonel yakla\u015f\u0131m\u0131m\u0131z bizi di\u011fer emlak \u015firketlerinden farkl\u0131 k\u0131l\u0131yor.<br \/>\nNe Yap\u0131yoruz?<br \/>\nM\u00fc\u015fterilerimizin hayalindeki evi bulmalar\u0131ndan tapuyu imzalamalar\u0131na kadar t\u00fcm s\u00fcre\u00e7te yanlar\u0131nda duruyor ve onlar\u0131 en do\u011fru \u015fekilde y\u00f6nlendiriyoruz.<br \/>\nD\u00fcr\u00fcstl\u00fck, s\u00fcrd\u00fcr\u00fclebilirlik, m\u00fckemmellik, iyilik ve yenilik\u00e7ilik i\u015fimizin temelini olu\u015fturan kurumsal ilkelerimizdir. Ekibimizi bu be\u015f temel ilkeye g\u00f6re \u015fekillendiriyor ve t\u00fcm payda\u015flar\u0131m\u0131z\u0131n bu ilkelere g\u00f6re \u00e7al\u0131\u015fmas\u0131na \u00f6zen g\u00f6steriyoruz.<br \/>\n\u00c7al\u0131\u015fma Ortam\u0131m\u0131z<br \/>\n\u015eirketimiz \u00e7ok k\u00fclt\u00fcrl\u00fc bir yap\u0131ya sahip olup bir\u00e7ok farkl\u0131 \u00fclkeden gelen geni\u015f bir ekibimiz bulunmaktad\u0131r. T\u00fcrk\u00e7e Almanca Rus\u00e7a Arap\u00e7a dilleri T\u00fcrk\u00e7e t\u00fcm ofislerimizde ortak ileti\u015fim dilidir, ancak Almanca, Rus\u00e7a, Arap\u00e7a dillerini konu\u015fuyoruz.<br \/>\nDeneyimimizi teknolojiyle birle\u015ftirerek ve yenilik\u00e7i bir bak\u0131\u015f a\u00e7\u0131s\u0131yla yakla\u015farak keyifli, dinamik ve modern bir \u00e7al\u0131\u015fma ortam\u0131 yaratt\u0131k.<br \/>\nT\u00fcm i\u015flerimizi \u015firketimizin ihtiya\u00e7lar\u0131na g\u00f6re \u00f6zelle\u015ftirilmi\u015f yaz\u0131l\u0131mlar ve i\u015f ak\u0131\u015flar\u0131yla y\u00f6netiyoruz.<br \/>\nT\u00fcm D\u00fcnyay\u0131 Sarsmay\u0131 Hedefliyoruz!<br \/>\nThe Telegraph olarak \u00e7al\u0131\u015fanlar\u0131m\u0131za mesleki olarak kendilerini geli\u015ftirmeleri i\u00e7in f\u0131rsatlar sunmay\u0131 ve ba\u015far\u0131ya ula\u015fmalar\u0131n\u0131 desteklemeyi ama\u00e7l\u0131yoruz.<br \/>\n\u00d6\u011frenmeye a\u00e7\u0131ksan\u0131z, de\u011fi\u015fime haz\u0131rsan\u0131z ve kariyerinizi \u00f6nde gelen bir gayrimenkul \u015firketinde daha ileri bir a\u015famaya ta\u015f\u0131maya istekliyseniz, a\u00e7\u0131k pozisyonlar\u0131m\u0131z\u0131 inceleyebilir ve fark yaratma yolculu\u011fumuza kat\u0131labilirsiniz.[\/vc_column_text][\/vc_column][\/vc_row]<\/p>","protected":false},"excerpt":{"rendered":"<p>[vc_row][vc_column][\/vc_column][\/vc_row][vc_row][vc_column][vc_column_text]Emlak Sekt\u00f6r\u00fcnde Lider Bir Ekibin Par\u00e7as\u0131 Olmak \u0130ster misiniz? The Telegraph, T\u00fcrkiye&#8217;nin gen\u00e7 ve geli\u015fen bir emlak \u015firketidir. Ayr\u0131ca, Home City Alanya \u015firketinin resmi orta\u011f\u0131d\u0131r. (Alanya&#8217;daki emlak piyasas\u0131nda 2003 y\u0131l\u0131ndan beri faaliyet g\u00f6stermektedir). Bizi Farkl\u0131 K\u0131lan Nedir? Emlak sekt\u00f6r\u00fcn\u00fc \u00e7ok iyi biliyoruz. M\u00fc\u015fterilerimizin istek ve ihtiya\u00e7lar\u0131na \u00f6nem veren, %100 m\u00fc\u015fteri mutlulu\u011fu ilkesiyle \u00e7al\u0131\u015fan profesyonel yakla\u015f\u0131m\u0131m\u0131z [&hellip;]<\/p>\n","protected":false},"author":5,"featured_media":0,"parent":0,"menu_order":0,"comment_status":"closed","ping_status":"closed","template":"","meta":{"inline_featured_image":false,"footnotes":""},"class_list":["post-28349","page","type-page","status-publish","hentry"],"_links":{"self":[{"href":"https:\/\/thetelegraph.com.tr\/tr\/wp-json\/wp\/v2\/pages\/28349","targetHints":{"allow":["GET"]}}],"collection":[{"href":"https:\/\/thetelegraph.com.tr\/tr\/wp-json\/wp\/v2\/pages"}],"about":[{"href":"https:\/\/thetelegraph.com.tr\/tr\/wp-json\/wp\/v2\/types\/page"}],"author":[{"embeddable":true,"href":"https:\/\/thetelegraph.com.tr\/tr\/wp-json\/wp\/v2\/users\/5"}],"replies":[{"embeddable":true,"href":"https:\/\/thetelegraph.com.tr\/tr\/wp-json\/wp\/v2\/comments?post=28349"}],"version-history":[{"count":1,"href":"https:\/\/thetelegraph.com.tr\/tr\/wp-json\/wp\/v2\/pages\/28349\/revisions"}],"predecessor-version":[{"id":48731,"href":"https:\/\/thetelegraph.com.tr\/tr\/wp-json\/wp\/v2\/pages\/28349\/revisions\/48731"}],"wp:attachment":[{"href":"https:\/\/thetelegraph.com.tr\/tr\/wp-json\/wp\/v2\/media?parent=28349"}],"curies":[{"name":"wp","href":"https:\/\/api.w.org\/{rel}","templated":true}]}}