{"id":3,"date":"2021-02-12T10:00:58","date_gmt":"2021-02-12T07:00:58","guid":{"rendered":"https:\/\/thetelegraph.com.tr\/?page_id=3"},"modified":"2025-02-21T21:20:38","modified_gmt":"2025-02-21T18:20:38","slug":"privacy-policy","status":"publish","type":"page","link":"https:\/\/thetelegraph.com.tr\/tr\/privacy-policy\/","title":{"rendered":"KVKK"},"content":{"rendered":"<div class=\"contentbox-header\">\r\n<h4>KVKK Ayd\u0131nlatma Metni<\/h4>\r\n<\/div>\r\n<div class=\"contentbox-body\">\r\n<div class=\"row\">\r\n<div class=\"col-12\">\r\n<p><strong><span class=\"ScreenText\">Ki\u015fisel\u00a0<\/span><span class=\"ScreenText\">Veriler\u00a0<\/span><span class=\"ScreenText\">Kanunu H<\/span><span class=\"ScreenText\">akk\u0131nda G<\/span><span class=\"ScreenText\">enel B<\/span><span class=\"ScreenText\">ilgilendirme<\/span><\/strong><\/p>\r\n6698 Say\u0131l\u0131 Ki\u015fisel Verilerin Korunmas\u0131 Kanunu (bundan sonra KVKK olarak an\u0131lacakt\u0131r) 24 Mart 2016 tarihinde kabul edilmi\u015f, 7\u00a0Nisan 2016 tarihli 29677 say\u0131l\u0131 Resmi Gazete\u2019de yay\u0131nlanm\u0131\u015ft\u0131r. KVKK\u2019nun bir k\u0131sm\u0131 yay\u0131n tarihinde, bir k\u0131sm\u0131 ise 7 Ekim 2016\u2019da y\u00fcr\u00fcrl\u00fc\u011fe girmi\u015ftir.\r\n<p><strong><span class=\"ScreenText\">Veri Sorumlusu S\u0131fat\u0131yla Bilgilendirme<\/span><\/strong><\/p>\r\n6698 say\u0131l\u0131\u00a0KVKK uyar\u0131nca ve Veri Sorumlusu s\u0131fat\u0131yla, ki\u015fisel verileriniz bu sayfada a\u00e7\u0131kland\u0131\u011f\u0131 \u00e7er\u00e7evede; kaydedilecek, saklanacak, g\u00fcncellenecek, mevzuat\u0131n izin verdi\u011fi durumlarda 3. ki\u015filere a\u00e7\u0131klanabilecek \/ devredilebilecek, s\u0131n\u0131fland\u0131r\u0131labilecek ve KVKK\u2019da say\u0131lan \u015fekillerde i\u015flenebilecektir.\r\n<p><strong><span class=\"ScreenText\">Ki\u015fisel Verilerinizin Ne \u015eekilde E\u015flenebilece\u011fi<\/span><\/strong><\/p>\r\n6698 say\u0131l\u0131 KVKK uyar\u0131nca, Firmam\u0131z ile payla\u015ft\u0131\u011f\u0131n\u0131z ki\u015fisel verileriniz, tamamen veya k\u0131smen,\u00a0otomatik olarak, veyahut herhangi bir veri kay\u0131t sisteminin par\u00e7as\u0131 olmak kayd\u0131yla otomatik\u00a0olmayan yollarla elde edilerek, kaydedilerek, depolanarak, de\u011fi\u015ftirilerek, yeniden d\u00fczenlenerek, k\u0131sacas\u0131 veriler \u00fczerinde\u00a0ger\u00e7ekle\u015ftirilen her t\u00fcrl\u00fc i\u015fleme konu olarak taraf\u0131m\u0131zdan i\u015flenebilecektir. KVKK kapsam\u0131nda veriler \u00fczerinde ger\u00e7ekle\u015ftirilen her t\u00fcrl\u00fc i\u015flem &#8220;ki\u015fisel verilerin i\u015flenmesi\u201d olarak kabul edilmektedir.\r\n<p><strong><span class=\"ScreenText\">Ki\u015fisel Verilerinizin \u0130\u015flenme Ama\u00e7lar\u0131 ve Hukuki Sebepleri<\/span><\/strong><\/p>\r\nPayla\u015ft\u0131\u011f\u0131n\u0131z ki\u015fisel veriler,\r\n<ul>\r\n<li>M\u00fc\u015fterilerimize verdi\u011fimiz hizmetlerin gereklerini, s\u00f6zle\u015fmenin ve teknolojinin gereklerine uygun \u015fekilde\u00a0yapabilmek, sunulan \u00fcr\u00fcn ve hizmetlerimizi geli\u015ftirebilmek i\u00e7in;<br \/><br \/><\/li>\r\n<li>6563 say\u0131l\u0131 Elektronik Ticaretin D\u00fczenlenmesi Hakk\u0131nda Kanun, 6502 say\u0131l\u0131 T\u00fcketicinin Korunmas\u0131 Hakk\u0131nda Kanun ile bu d\u00fczenlemelere dayanak yap\u0131larak haz\u0131rlanan 26.08.2015 tarihli 29457 say\u0131l\u0131 RG\u2019de yay\u0131nlanan Elektronik Ticarette Hizmet Sa\u011flay\u0131c\u0131 ve Arac\u0131 Hizmet Sa\u011flay\u0131c\u0131lar Hakk\u0131nda Y\u00f6netmelik, 27.11.2014 tarihli ve 29188 say\u0131l\u0131 RG\u2019de yay\u0131nlanan Mesafeli S\u00f6zle\u015fmeler Y\u00f6netmeli\u011fi ve di\u011fer ilgili mevzuat kapsam\u0131nda i\u015flem sahibinin bilgilerini tespit i\u00e7in kimlik, adres ve di\u011fer gerekli bilgileri kaydetmek i\u00e7in;<br \/><br \/><\/li>\r\n<li>Bankac\u0131l\u0131k ve Elektronik \u00d6deme alan\u0131nda zorunlu olan \u00f6deme sistemleri, elektronik s\u00f6zle\u015fme veya ka\u011f\u0131t ortam\u0131nda i\u015fleme dayanak olacak t\u00fcm kay\u0131t ve belgeleri d\u00fczenlemek; mevzuat gere\u011fi ve di\u011fer otoritelerce \u00f6ng\u00f6r\u00fclen bilgi saklama, raporlama, bilgilendirme y\u00fck\u00fcml\u00fcl\u00fcklerine uymak i\u00e7in;<br \/><br \/><\/li>\r\n<li>Kamu g\u00fcvenli\u011fine ili\u015fkin hususlarda ve hukuki uyu\u015fmazl\u0131klarda, talep halinde ve mevzuat gere\u011fi savc\u0131l\u0131klara, mahkemelere ve ilgili kamu g\u00f6revlilerine bilgi verebilmek i\u00e7in;<\/li>\r\n<\/ul>\r\n6698 say\u0131l\u0131 KVKK ve ilgili ikincil d\u00fczenlemelere uygun olarak i\u015flenecektir. Ki\u015fisel verilerinizin aktar\u0131labilece\u011fi \u00fc\u00e7\u00fcnc\u00fc ki\u015fi veya kurulu\u015flar hakk\u0131nda bilgilendirme yukar\u0131da belirtilen ama\u00e7larla, firmam\u0131z ile payla\u015ft\u0131\u011f\u0131n\u0131z ki\u015fisel verilerinizin aktar\u0131labilece\u011fi ki\u015fi \/ kurulu\u015flar; firmam\u0131z\u0131n web sitesi altyap\u0131s\u0131n\u0131 sa\u011flayan \u0130zofis ve sadece \u00e7al\u0131\u015fanlar\u0131m\u0131zd\u0131r.\r\n<p><strong><span class=\"ScreenText\">Ki\u015fisel Verilerinizin Toplanma \u015eekli<\/span><\/strong><\/p>\r\nKi\u015fisel verileriniz,\r\n<ul>\r\n<li style=\"list-style-type: none;\">\r\n<ul>\r\n<li>Firmam\u0131z internet sitesi ve mobil uygulamalar\u0131ndaki formlar arac\u0131l\u0131\u011f\u0131yla ad, soyad, telefon, i\u015f veya \u00f6zel e-posta adresi gibi bilgiler ile; kullan\u0131c\u0131 ad\u0131 ve \u015fifresi kullan\u0131larak giri\u015f yap\u0131lan sayfalardaki tercihleri, ger\u00e7ekle\u015ftirilen i\u015flemlerin IP kay\u0131tlar\u0131, taray\u0131c\u0131 taraf\u0131ndan toplanan \u00e7erez verileri ile gezinme s\u00fcre ve detaylar\u0131n\u0131 i\u00e7eren veriler, konum verileri \u015feklinde;<\/li>\r\n<\/ul>\r\n<\/li>\r\n<\/ul>\r\n<br \/>\r\n<ul>\r\n<li style=\"list-style-type: none;\">\r\n<ul>\r\n<li>Sat\u0131\u015f ve pazarlama departman\u0131 \u00e7al\u0131\u015fanlar\u0131m\u0131z, \u015fubelerimiz, i\u015f ortaklar\u0131m\u0131z, di\u011fer sat\u0131\u015f kanallar\u0131, ka\u011f\u0131t \u00fczerindeki formlar, kartvizitler, dijital pazarlama ve \u00e7a\u011fr\u0131 merkezi gibi kanallar\u0131m\u0131z arac\u0131l\u0131\u011f\u0131yla s\u00f6zl\u00fc, yaz\u0131l\u0131 veya elektronik ortamdan;<\/li>\r\n<\/ul>\r\n<\/li>\r\n<\/ul>\r\n<br \/>\r\n<ul>\r\n<li style=\"list-style-type: none;\">\r\n<ul>\r\n<li>Firmam\u0131z ile ticari ili\u015fki kurmak, i\u015f ba\u015fvurusu yapmak, teklif vermek gibi ama\u00e7larla, kartvizit, \u00f6zge\u00e7mi\u015f (cv), teklif vermek ve sair yollarla ki\u015fisel verilerini payla\u015fan ki\u015filerden al\u0131nan, fiziki veya sanal bir ortamda, y\u00fcz y\u00fcze ya da mesafeli, s\u00f6zl\u00fc veya yaz\u0131l\u0131 ya da elektronik ortamdan;<\/li>\r\n<\/ul>\r\n<\/li>\r\n<\/ul>\r\n<br \/>\r\n<ul>\r\n<li>Ayr\u0131ca farkl\u0131 kanallardan dolayl\u0131 yoldan elde edilen, web sitesi, blog, yar\u0131\u015fma, anket, oyun, kampanya ve benzeri ama\u00e7l\u0131 kullan\u0131lan (mikro) web sitelerinden ve sosyal medyadan elde edilen veriler, e-b\u00fclten okuma veya t\u0131klama hareketleri, kamuya a\u00e7\u0131k veri tabanlar\u0131n\u0131n sundu\u011fu veriler, sosyal medya platformlar\u0131ndan payla\u015f\u0131ma a\u00e7\u0131k profil ve verilerden; i\u015flenebilmekte ve toplanabilmektedir.<\/li>\r\n<\/ul>\r\n<p><strong><span class=\"ScreenText\">KVKK Y\u00fcr\u00fcrl\u00fc\u011fe Girmeden \u00d6nce Elde Edilen Ki\u015fisel Verileriniz<\/span><\/strong><\/p>\r\nKVKK\u2019nun y\u00fcr\u00fcrl\u00fck tarihi olan 7 Nisan 2016 tarihinden \u00f6nce, \u00fcyelik, elektronik ileti izni, \u00fcr\u00fcn \/ hizmet sat\u0131n alma ve di\u011fer \u015fekillerde hukuka uygun olarak elde edilmi\u015f olan ki\u015fisel verileriniz de bu belgede d\u00fczenlenen \u015fart ve ko\u015fullara uygun olarak i\u015flenmekte ve muhafaza edilmektedir.\r\n<p><strong><span class=\"ScreenText\">Ki\u015fisel Verilerin Saklanmas\u0131 ve Korunmas\u0131<\/span><\/strong><\/p>\r\nKi\u015fisel verileriniz, firmam\u0131z nezdinde yer alan veri taban\u0131nda ve sistemlerde KVKK\u2019nun 12. maddesi gere\u011fince gizli olarak saklanacak; yasal zorunluluklar ve bu belgede belirtilen d\u00fczenlemeler haricinde hi\u00e7bir \u015fekilde \u00fc\u00e7\u00fcnc\u00fc ki\u015filerle payla\u015f\u0131lmayacakt\u0131r. Firmam\u0131z, ki\u015fisel verilerinizin bar\u0131nd\u0131\u011f\u0131 sistemleri ve veri tabanlar\u0131n\u0131, KVKK\u2019nun 12. Maddesi gere\u011fi ki\u015fisel verilerin hukuka ayk\u0131r\u0131 olarak i\u015flenmesini \u00f6nlemekle, yetkisiz ki\u015filerin eri\u015fimlerini engellemekle, eri\u015fim y\u00f6netimi gibi yaz\u0131l\u0131msal tedbirleri ve fiziksel g\u00fcvenlik \u00f6nlemleri almakla m\u00fckelleftir. Ki\u015fisel verilerin yasal olmayan yollarla ba\u015fkalar\u0131 taraf\u0131ndan elde edilmesinin \u00f6\u011frenilmesi halinde durum derhal, yasal d\u00fczenlemeye uygun ve yaz\u0131l\u0131 olarak Ki\u015fisel Verileri Koruma Kurulu\u2019na bildirilecektir.\r\n<p><strong><span class=\"ScreenText\">Ki\u015fisel Verilerin G\u00fcncel ve Do\u011fru Tutulmas\u0131<\/span><\/strong><\/p>\r\nKVKK\u2019nun 4. maddesi uyar\u0131nca Firmam\u0131z\u0131n ki\u015fisel verilerinizi do\u011fru ve g\u00fcncel olarak tutma y\u00fck\u00fcml\u00fcl\u00fc\u011f\u00fc bulunmaktad\u0131r. Bu kapsamda Firmam\u0131z\u0131n y\u00fcr\u00fcrl\u00fckteki mevzuattan do\u011fan y\u00fck\u00fcml\u00fcl\u00fcklerini yerine getirebilmesi i\u00e7in M\u00fc\u015fterilerimizin do\u011fru ve g\u00fcncel verilerini payla\u015fmas\u0131 veya web sitesi \/ mobil uygulama \u00fczerinden g\u00fcncellemesi gerekmektedir.\r\n<p><strong><span class=\"ScreenText\">6698 say\u0131l\u0131 KVKK Uyar\u0131nca Ki\u015fisel Veri Sahibinin Haklar\u0131<\/span><\/strong><\/p>\r\n6698 say\u0131l\u0131 KVKK 11.maddesi 07 Ekim 2016 tarihinde y\u00fcr\u00fcrl\u00fc\u011fe girmi\u015f olup ilgili madde gere\u011fince, Ki\u015fisel Veri Sahibinin bu tarihten sonraki haklar\u0131 a\u015fa\u011f\u0131daki gibidir: Ki\u015fisel Veri Sahibi, Firmam\u0131za (veri sorumlusu) ba\u015fvurarak kendisiyle ilgili;<br \/><br \/>\r\n<ol>\r\n<li>Ki\u015fisel veri i\u015flenip i\u015flenmedi\u011fini \u00f6\u011frenme,<\/li>\r\n<li>Ki\u015fisel verileri i\u015flenmi\u015fse buna ili\u015fkin bilgi talep etme,<\/li>\r\n<li>Ki\u015fisel verilerin i\u015flenme amac\u0131n\u0131 ve bunlar\u0131n amac\u0131na uygun kullan\u0131l\u0131p kullan\u0131lmad\u0131\u011f\u0131n\u0131\u00a0\u00f6\u011frenme,<\/li>\r\n<li>Yurt i\u00e7inde veya yurt d\u0131\u015f\u0131nda ki\u015fisel verilerin aktar\u0131ld\u0131\u011f\u0131 \u00fc\u00e7\u00fcnc\u00fc ki\u015fileri bilme,<\/li>\r\n<li>Ki\u015fisel verilerin eksik veya yanl\u0131\u015f i\u015flenmi\u015f olmas\u0131 h\u00e2linde bunlar\u0131n d\u00fczeltilmesini isteme,<\/li>\r\n<li>KVKK 7. maddesinde \u00f6ng\u00f6r\u00fclen \u015fartlar \u00e7er\u00e7evesinde ki\u015fisel verilerin silinmesini veya yok edilmesini isteme,<\/li>\r\n<li>Ki\u015fisel verilerin d\u00fczeltilmesi, silinmesi, yok edilmesi halinde bu i\u015flemlerin, ki\u015fisel verilerin aktar\u0131ld\u0131\u011f\u0131 \u00fc\u00e7\u00fcnc\u00fc ki\u015filere de bildirilmesini isteme,<\/li>\r\n<li>\u0130\u015flenen verilerin m\u00fcnhas\u0131ran otomatik sistemler vas\u0131tas\u0131yla analiz edilmesi suretiyle ki\u015finin\u00a0kendisi aleyhine bir sonucun ortaya \u00e7\u0131kmas\u0131na itiraz etme,<\/li>\r\n<li>Ki\u015fisel verilerin kanuna ayk\u0131r\u0131 olarak i\u015flenmesi sebebiyle zarara u\u011framas\u0131 h\u00e2linde zarar\u0131n\u00a0giderilmesini talep etme,<\/li>\r\n<\/ol>\r\n<div>haklar\u0131na sahiptir. \u00a0<\/div>\r\n<\/div>\r\n<\/div>\r\n<\/div>","protected":false},"excerpt":{"rendered":"<p>KVKK Ayd\u0131nlatma Metni Ki\u015fisel\u00a0Veriler\u00a0Kanunu Hakk\u0131nda Genel Bilgilendirme 6698 Say\u0131l\u0131 Ki\u015fisel Verilerin Korunmas\u0131 Kanunu (bundan sonra KVKK olarak an\u0131lacakt\u0131r) 24 Mart 2016 tarihinde kabul edilmi\u015f, 7\u00a0Nisan 2016 tarihli 29677 say\u0131l\u0131 Resmi Gazete\u2019de yay\u0131nlanm\u0131\u015ft\u0131r. KVKK\u2019nun bir k\u0131sm\u0131 yay\u0131n tarihinde, bir k\u0131sm\u0131 ise 7 Ekim 2016\u2019da y\u00fcr\u00fcrl\u00fc\u011fe girmi\u015ftir. Veri Sorumlusu S\u0131fat\u0131yla Bilgilendirme 6698 say\u0131l\u0131\u00a0KVKK uyar\u0131nca ve Veri Sorumlusu [&hellip;]<\/p>\n","protected":false},"author":5,"featured_media":0,"parent":0,"menu_order":0,"comment_status":"closed","ping_status":"closed","template":"","meta":{"inline_featured_image":false,"footnotes":""},"class_list":["post-3","page","type-page","status-publish","hentry"],"_links":{"self":[{"href":"https:\/\/thetelegraph.com.tr\/tr\/wp-json\/wp\/v2\/pages\/3","targetHints":{"allow":["GET"]}}],"collection":[{"href":"https:\/\/thetelegraph.com.tr\/tr\/wp-json\/wp\/v2\/pages"}],"about":[{"href":"https:\/\/thetelegraph.com.tr\/tr\/wp-json\/wp\/v2\/types\/page"}],"author":[{"embeddable":true,"href":"https:\/\/thetelegraph.com.tr\/tr\/wp-json\/wp\/v2\/users\/5"}],"replies":[{"embeddable":true,"href":"https:\/\/thetelegraph.com.tr\/tr\/wp-json\/wp\/v2\/comments?post=3"}],"version-history":[{"count":1,"href":"https:\/\/thetelegraph.com.tr\/tr\/wp-json\/wp\/v2\/pages\/3\/revisions"}],"predecessor-version":[{"id":48732,"href":"https:\/\/thetelegraph.com.tr\/tr\/wp-json\/wp\/v2\/pages\/3\/revisions\/48732"}],"wp:attachment":[{"href":"https:\/\/thetelegraph.com.tr\/tr\/wp-json\/wp\/v2\/media?parent=3"}],"curies":[{"name":"wp","href":"https:\/\/api.w.org\/{rel}","templated":true}]}}