{"id":49505,"date":"2025-03-17T10:47:12","date_gmt":"2025-03-17T07:47:12","guid":{"rendered":"https:\/\/thetelegraph.com.tr\/?page_id=49505"},"modified":"2025-04-18T15:31:11","modified_gmt":"2025-04-18T12:31:11","slug":"management-services","status":"publish","type":"page","link":"https:\/\/thetelegraph.com.tr\/tr\/management-services\/","title":{"rendered":"Gayri\u0307menkul Y\u00f6neti\u0307mi\u0307"},"content":{"rendered":"<p>[vc_row el_id=&#8221;complexpropertymanagement&#8221;][vc_column width=&#8221;1\/4&#8243;][vc_single_image image=&#8221;49508&#8243; img_size=&#8221;full&#8221;][\/vc_column][vc_column width=&#8221;3\/4&#8243;][vc_custom_heading text=&#8221;Kompleks M\u00fclk Y\u00f6netimi&#8221; use_theme_fonts=&#8221;yes&#8221;][vc_column_text]Profesyonel kadromuz ve i\u015fletme deneyimimizle, kompleksin etkili ve ekonomik olarak hakl\u0131 bir \u015fekilde y\u00f6netilmesini sa\u011fl\u0131yoruz. Ortak alanlar\u0131n bak\u0131m\u0131n\u0131n yap\u0131ld\u0131\u011f\u0131ndan ve herhangi bir sorunun derhal ve profesyonel bir \u015fekilde \u00e7\u00f6z\u00fclece\u011finden emin oluyoruz. Stratejimiz ve profesyonel yakla\u015f\u0131m\u0131m\u0131zla, m\u00fc\u015fterilerimizin memnuniyetine katk\u0131da bulunmak i\u00e7in proaktif bir \u015fekilde \u00e7al\u0131\u015f\u0131yoruz.[\/vc_column_text][\/vc_column][\/vc_row][vc_row el_id=&#8221;housecaremanagement&#8221;][vc_column width=&#8221;3\/4&#8243;][vc_custom_heading text=&#8221;Ev Bak\u0131m Y\u00f6netimi&#8221; use_theme_fonts=&#8221;yes&#8221;][vc_column_text]<\/p>\n<div id=\"house-care\" class=\"mt-subservice\">\n<div class=\"mt-service-sh\">\n<div class=\"mt-explain\">Ev bak\u0131m\u0131 hizmetimiz dairenizin d\u00fczenli kontrol\u00fcn\u00fc sa\u011flar, b\u00f6ylece ikinci evinize vard\u0131\u011f\u0131n\u0131zda tats\u0131z s\u00fcrprizlerle kar\u015f\u0131la\u015fmayaca\u011f\u0131n\u0131zdan emin olabilirsiniz. Ev bak\u0131m\u0131 ve tadilatla ilgili t\u00fcm sorular\u0131n\u0131z\u0131 yan\u0131tlayabiliriz. Hizmetimiz, bir m\u00fc\u015fteri olarak zamandan tasarruf etmenizi ve her \u015feyin yerli yerinde oldu\u011fundan emin olman\u0131z\u0131 sa\u011flayacakt\u0131r. Dairenize kendi evimizmi\u015f gibi bakaca\u011f\u0131m\u0131zdan ve ona bakaca\u011f\u0131m\u0131zdan emin olabilirsiniz. Temel, G\u00fcm\u00fc\u015f ve Alt\u0131n olmak \u00fczere 3 farkl\u0131 paket sunuyoruz ve ihtiya\u00e7lar\u0131n\u0131za g\u00f6re se\u00e7im yapabilirsiniz.<\/div>\n<\/div>\n<\/div>\n<div id=\"concierge-service\" class=\"mt-subservice\"><\/div>\n<p>[\/vc_column_text][\/vc_column][vc_column width=&#8221;1\/4&#8243;][vc_single_image image=&#8221;49510&#8243; img_size=&#8221;full&#8221;][\/vc_column][\/vc_row][vc_row el_id=&#8221;conciergeservicesmanagement&#8221;][vc_column width=&#8221;1\/4&#8243;][vc_single_image image=&#8221;49506&#8243; img_size=&#8221;full&#8221;][\/vc_column][vc_column width=&#8221;3\/4&#8243;][vc_custom_heading text=&#8221;Konsiyerj Hizmet Y\u00f6netimi&#8221; use_theme_fonts=&#8221;yes&#8221;][vc_column_text]G\u00fcnl\u00fck rutinlerinizden hayat\u0131n\u0131zdaki \u00f6nemli olaylara kadar hayat\u0131n\u0131z\u0131 d\u00fczenlememize izin verebilirsiniz. Her \u015feyi ayarlayabiliriz, b\u00f6ylece siz sadece keyfini \u00e7\u0131karabilirsiniz. Zaman\u0131n l\u00fcks\u00fcn\u00fcn tad\u0131n\u0131 \u00e7\u0131karabilirsiniz. Konsiyerj hizmetlerimiz, hem i\u015finizi hem de bo\u015f zaman\u0131n\u0131z\u0131 organize etmeniz i\u00e7in size ola\u011fan\u00fcst\u00fc bir hizmet sunar, ayr\u0131nt\u0131lara ve proaktifli\u011fe odaklan\u0131r. Hayat\u0131n\u0131z\u0131 sizin i\u00e7in kolayla\u015ft\u0131rmak i\u00e7in ki\u015fiye \u00f6zel konsiyerj hizmetimizi sunuyoruz.[\/vc_column_text][\/vc_column][\/vc_row][vc_row el_id=&#8221;technicalservicesmanagement&#8221;][vc_column width=&#8221;3\/4&#8243;][vc_custom_heading text=&#8221;Teknik Hizmetler Y\u00f6netimi&#8221; use_theme_fonts=&#8221;yes&#8221;][vc_column_text]<\/p>\n<div id=\"house-care\" class=\"mt-subservice\">\n<div class=\"mt-service-sh\">\n<div class=\"mt-explain\">\n<div id=\"techical-service\" class=\"mt-subservice\">\n<div class=\"mt-service-sh\">\n<div class=\"mt-explain\">Binan\u0131z\u0131n veya konut kompleksinizin tutarl\u0131 bir \u015fekilde \u00e7al\u0131\u015fmas\u0131n\u0131 sa\u011flamak i\u00e7in \u00f6nemli oldu\u011funu bildi\u011fimiz her t\u00fcrl\u00fc teknik hizmeti sa\u011fl\u0131yoruz. Profesyonel ve proaktif ekibimizle bak\u0131m planlar\u0131, g\u00fcnl\u00fck i\u015fletme planlar\u0131, periyodik servisler yap\u0131yor ve ortak alanlardaki t\u00fcm elektronik, mekanik, s\u0131hhi tesisat, \u0131s\u0131tma ve so\u011futma cihazlar\u0131yla ilgili sorunlar\u0131 \u00e7\u00f6z\u00fcyoruz.<\/div>\n<\/div>\n<\/div>\n<div id=\"techical-service\" class=\"mt-subservice\"><\/div>\n<\/div>\n<\/div>\n<\/div>\n<div id=\"concierge-service\" class=\"mt-subservice\"><\/div>\n<p>[\/vc_column_text][\/vc_column][vc_column width=&#8221;1\/4&#8243;][vc_single_image image=&#8221;49517&#8243; img_size=&#8221;full&#8221;][\/vc_column][\/vc_row][vc_row el_id=&#8221;renovationservice&#8221;][vc_column width=&#8221;1\/4&#8243;][vc_single_image image=&#8221;49517&#8243; img_size=&#8221;full&#8221;][\/vc_column][vc_column width=&#8221;3\/4&#8243;][vc_custom_heading text=&#8221;Yenileme Hizmeti&#8221; use_theme_fonts=&#8221;yes&#8221;][vc_column_text]<\/p>\n<div id=\"house-care\" class=\"mt-subservice\">\n<div class=\"mt-service-sh\">\n<div class=\"mt-explain\">\n<div id=\"techical-service\" class=\"mt-subservice\">\n<div class=\"mt-service-sh\">\n<div class=\"mt-explain\">\n<div class=\"container-mw-90 mr-5 ml-5\">\n<div class=\"row\">\n<div class=\"col-sm-12\">\n<div id=\"property-management\" class=\"mt-subservices text-justify\">\n<div id=\"techical-service\" class=\"mt-subservice\">\n<div class=\"mt-service-sh\">\n<div class=\"mt-explain\">M\u00fc\u015fterilerimizin ihtiya\u00e7lar\u0131 do\u011frultusunda her t\u00fcrl\u00fc onar\u0131m, tadilat ve dekorasyon hizmeti sunuyoruz. Proaktif servis ekibimizle ya\u015fam alanlar\u0131n\u0131z\u0131 hedeflerinize ve konforunuza g\u00f6re tasarlayabiliriz. Mimari proje ekibimizle konutlar\u0131n\u0131z\u0131n i\u00e7 tasar\u0131m projelerini \u015fekillendiriyoruz. Sanatsal ve modern tasar\u0131mlar i\u00e7in de\u011ferleme ve uygulama hizmetleri sa\u011fl\u0131yoruz. Bu hizmetler kapsam\u0131nda banyo tadilat\u0131, mutfak tadilat\u0131, boya de\u011fi\u015fimi, tesisat tadilat\u0131 hizmetleri, 3D g\u00f6rselle\u015ftirme, proje tadilat\u0131 hizmetleri konusunda aktif olarak faaliyet g\u00f6steriyoruz.<\/div>\n<\/div>\n<\/div>\n<\/div>\n<\/div>\n<\/div>\n<\/div>\n<footer id=\"footer\" data-footer-style=\"1\">\n<div class=\"container\">\n<div class=\"row\">\n<div class=\"col-sm-12 col-md-5 mb-30\"><\/div>\n<\/div>\n<\/div>\n<\/footer>\n<\/div>\n<\/div>\n<\/div>\n<div id=\"techical-service\" class=\"mt-subservice\"><\/div>\n<\/div>\n<\/div>\n<\/div>\n<div id=\"concierge-service\" class=\"mt-subservice\"><\/div>\n<p>[\/vc_column_text][\/vc_column][\/vc_row]<\/p>","protected":false},"excerpt":{"rendered":"<p>[vc_row el_id=&#8221;complexpropertymanagement&#8221;][vc_column width=&#8221;1\/4&#8243;][vc_single_image image=&#8221;49508&#8243; img_size=&#8221;full&#8221;][\/vc_column][vc_column width=&#8221;3\/4&#8243;][vc_custom_heading text=&#8221;Kompleks M\u00fclk Y\u00f6netimi&#8221; use_theme_fonts=&#8221;yes&#8221;][vc_column_text]Profesyonel kadromuz ve i\u015fletme deneyimimizle, kompleksin etkili ve ekonomik olarak hakl\u0131 bir \u015fekilde y\u00f6netilmesini sa\u011fl\u0131yoruz. Ortak alanlar\u0131n bak\u0131m\u0131n\u0131n yap\u0131ld\u0131\u011f\u0131ndan ve herhangi bir sorunun derhal ve profesyonel bir \u015fekilde \u00e7\u00f6z\u00fclece\u011finden emin oluyoruz. Stratejimiz ve profesyonel yakla\u015f\u0131m\u0131m\u0131zla, m\u00fc\u015fterilerimizin memnuniyetine katk\u0131da bulunmak i\u00e7in proaktif bir \u015fekilde \u00e7al\u0131\u015f\u0131yoruz.[\/vc_column_text][\/vc_column][\/vc_row][vc_row el_id=&#8221;housecaremanagement&#8221;][vc_column width=&#8221;3\/4&#8243;][vc_custom_heading [&hellip;]<\/p>\n","protected":false},"author":5,"featured_media":0,"parent":0,"menu_order":0,"comment_status":"closed","ping_status":"closed","template":"","meta":{"inline_featured_image":false,"footnotes":""},"class_list":["post-49505","page","type-page","status-publish","hentry"],"_links":{"self":[{"href":"https:\/\/thetelegraph.com.tr\/tr\/wp-json\/wp\/v2\/pages\/49505","targetHints":{"allow":["GET"]}}],"collection":[{"href":"https:\/\/thetelegraph.com.tr\/tr\/wp-json\/wp\/v2\/pages"}],"about":[{"href":"https:\/\/thetelegraph.com.tr\/tr\/wp-json\/wp\/v2\/types\/page"}],"author":[{"embeddable":true,"href":"https:\/\/thetelegraph.com.tr\/tr\/wp-json\/wp\/v2\/users\/5"}],"replies":[{"embeddable":true,"href":"https:\/\/thetelegraph.com.tr\/tr\/wp-json\/wp\/v2\/comments?post=49505"}],"version-history":[{"count":3,"href":"https:\/\/thetelegraph.com.tr\/tr\/wp-json\/wp\/v2\/pages\/49505\/revisions"}],"predecessor-version":[{"id":49965,"href":"https:\/\/thetelegraph.com.tr\/tr\/wp-json\/wp\/v2\/pages\/49505\/revisions\/49965"}],"wp:attachment":[{"href":"https:\/\/thetelegraph.com.tr\/tr\/wp-json\/wp\/v2\/media?parent=49505"}],"curies":[{"name":"wp","href":"https:\/\/api.w.org\/{rel}","templated":true}]}}