{"id":49562,"date":"2025-03-18T14:53:30","date_gmt":"2025-03-18T11:53:30","guid":{"rendered":"https:\/\/thetelegraph.com.tr\/?page_id=49562"},"modified":"2025-03-18T15:23:39","modified_gmt":"2025-03-18T12:23:39","slug":"concierge-service","status":"publish","type":"page","link":"https:\/\/thetelegraph.com.tr\/tr\/concierge-service\/","title":{"rendered":"Konsiyerj Hizmetleri"},"content":{"rendered":"<p>[vc_row el_id=&#8221;airporttransfer&#8221;][vc_column width=&#8221;1\/4&#8243;][vc_single_image image=&#8221;49564&#8243; img_size=&#8221;full&#8221;][\/vc_column][vc_column width=&#8221;3\/4&#8243;][vc_custom_heading text=&#8221;Havaalan\u0131 Transferi&#8221; use_theme_fonts=&#8221;yes&#8221;][vc_column_text]Tatiliniz veya i\u015f seyahatiniz i\u00e7in transfer hizmetine ihtiyac\u0131n\u0131z varsa veya hizmet ihtiya\u00e7lar\u0131n\u0131z\u0131 kolay ve g\u00fcvenli bir \u015fekilde kar\u015f\u0131layacak ve sizi ihtiyac\u0131n\u0131z olan yere g\u00f6t\u00fcrecektir. Antalya ve Gazipa\u015fa havalimanlar\u0131na gidi\u015f-d\u00f6n\u00fc\u015f seyahatleriniz i\u00e7in rezervasyonlar web sitemiz \u00fczerinden yap\u0131lmaktad\u0131r. Orta\u011f\u0131m\u0131z, transfer \u015firketleri i\u00e7in zorunlu olan t\u00fcm izinlere ve sigortalara (ara\u00e7, \u015fof\u00f6r, yolcu) sahiptir ve ara\u00e7lara d\u00fczenli olarak servis yap\u0131lmaktad\u0131r.[\/vc_column_text][\/vc_column][\/vc_row][vc_row el_id=&#8221;apartmentcleaning&#8221;][vc_column width=&#8221;3\/4&#8243;][vc_custom_heading text=&#8221;Daire temizli\u011fi&#8221; use_theme_fonts=&#8221;yes&#8221;][vc_column_text]Eviniz i\u00e7in ihtiya\u00e7 duydu\u011funuz t\u00fcm temizlik hizmetlerini sa\u011fl\u0131yoruz. Hijyen \u00f6nemlidir ve genel temizlikten, pencerelere ve d\u0131\u015f mekanlara kadar her t\u00fcrl\u00fc temizli\u011fi kaps\u0131yoruz. Konseptimiz ve hedefimiz, g\u00fcvenilir personel ile profesyonel, kaliteli temizlik sa\u011flamakt\u0131r.[\/vc_column_text][\/vc_column][vc_column width=&#8221;1\/4&#8243;][vc_single_image image=&#8221;49565&#8243; img_size=&#8221;full&#8221;][\/vc_column][\/vc_row][vc_row el_id=&#8221;laundryanddrycleanservices&#8221;][vc_column width=&#8221;1\/4&#8243;][vc_single_image image=&#8221;49566&#8243; img_size=&#8221;full&#8221;][\/vc_column][vc_column width=&#8221;3\/4&#8243;][vc_custom_heading text=&#8221;\u00c7ama\u015f\u0131rhane ve kuru temizleme hizmetleri&#8221; use_theme_fonts=&#8221;yes&#8221;][vc_column_text]Yo\u011fun hayatlar\u0131m\u0131zda zaman \u00e7ok h\u0131zl\u0131 ge\u00e7iyor ve kimsenin bo\u015fa harcayacak vakti yok, ancak hizmetimizle zamandan tasarruf etmenize yard\u0131mc\u0131 olabiliriz. Giysiler, \u00e7ar\u015faflar, perdeler ve hal\u0131lar i\u00e7in \u00e7ama\u015f\u0131r y\u0131kama ve kuru temizleme hizmetleri sunuyoruz ve her \u015fey evinizin konforunda al\u0131n\u0131p teslim edilecek. \u00c7ama\u015f\u0131r y\u0131kamaya enerji harcaman\u0131za gerek yok, profesyonel \u00e7ama\u015f\u0131r y\u0131kama hizmetimiz her \u015feyin temiz oldu\u011fundan emin olacak.[\/vc_column_text][\/vc_column][\/vc_row][vc_row el_id=&#8221;petservices&#8221;][vc_column width=&#8221;3\/4&#8243;][vc_custom_heading text=&#8221;Evcil hayvan hizmetleri&#8221; use_theme_fonts=&#8221;yes&#8221;][vc_column_text]Evcil hayvan sahibi olanlar i\u00e7in, onlar\u0131n t\u0131pk\u0131 herhangi bir aile \u00fcyesi ve hayatlar\u0131m\u0131z\u0131n \u00f6nemli bir par\u00e7as\u0131 oldu\u011funu bilin. Ameliyat, a\u015f\u0131lar, k\u0131s\u0131rla\u015ft\u0131rma, bak\u0131m, kaliteli mama ve diyet \u00f6nerileri dahil olmak \u00fczere evcil hayvan\u0131n\u0131z\u0131n d\u00fc\u015f\u00fcn\u00fclen t\u00fcm sa\u011fl\u0131k ihtiya\u00e7lar\u0131n\u0131 kar\u015f\u0131layabilecek deneyimli ve bilgili bir veterinerle birlikte \u00e7al\u0131\u015f\u0131yoruz.[\/vc_column_text][\/vc_column][vc_column width=&#8221;1\/4&#8243;][vc_single_image image=&#8221;49567&#8243; img_size=&#8221;full&#8221;][\/vc_column][\/vc_row][vc_row el_id=&#8221;rentacarservices&#8221;][vc_column width=&#8221;1\/4&#8243;][vc_single_image image=&#8221;49568&#8243; img_size=&#8221;full&#8221;][\/vc_column][vc_column width=&#8221;3\/4&#8243;][vc_custom_heading text=&#8221;Araba kiralama hizmetleri&#8221; use_theme_fonts=&#8221;yes&#8221;][vc_column_text]Araba kiralama orta\u011f\u0131m\u0131z hem k\u0131sa hem de uzun vadeli kiralamalar sunar. Araba kiralamak, tatiliniz s\u0131ras\u0131nda hareket etmeyi kolayla\u015ft\u0131r\u0131r ve size yeni yerleri ke\u015ffetme ve g\u00f6rme \u00f6zg\u00fcrl\u00fc\u011f\u00fc verir. ve organize turlar\u0131n olmad\u0131\u011f\u0131 yerlere ula\u015fmay\u0131 m\u00fcmk\u00fcn k\u0131lar. Tatillerinizi unutulmaz k\u0131lmak i\u00e7in izin verin[\/vc_column_text][\/vc_column][\/vc_row][vc_row el_id=&#8221;insuranceservices&#8221;][vc_column width=&#8221;3\/4&#8243;][vc_custom_heading text=&#8221;Sigorta hizmetleri&#8221; use_theme_fonts=&#8221;yes&#8221;][vc_column_text]Evinizi ve ev e\u015fyalar\u0131n\u0131z\u0131 hasar ve h\u0131rs\u0131zl\u0131\u011fa kar\u015f\u0131 sigortalayabiliriz. G\u00fcvenilir bir sigorta, evinizde veya e\u015fyalar\u0131n\u0131zda bir \u015fey oldu\u011funda, bunun gereksiz gecikme veya sorun olmadan \u00e7\u00f6z\u00fclmesini garanti etmelidir. Ayr\u0131ca sa\u011fl\u0131k ve seyahat sigortas\u0131 gibi di\u011fer sigorta t\u00fcrleri de sunuyoruz. \u00d6zel anla\u015fmam\u0131z, sigortalar\u0131n\u0131zda size \u00f6zel bir fiyat vermeyi garanti eder ve herhangi bir \u015fey olursa tek ileti\u015fim noktan\u0131z biz oluruz.[\/vc_column_text][\/vc_column][vc_column width=&#8221;1\/4&#8243;][vc_single_image image=&#8221;49568&#8243; img_size=&#8221;full&#8221;][\/vc_column][\/vc_row]<\/p>","protected":false},"excerpt":{"rendered":"<p>[vc_row el_id=&#8221;airporttransfer&#8221;][vc_column width=&#8221;1\/4&#8243;][vc_single_image image=&#8221;49564&#8243; img_size=&#8221;full&#8221;][\/vc_column][vc_column width=&#8221;3\/4&#8243;][vc_custom_heading text=&#8221;Havaalan\u0131 Transferi&#8221; use_theme_fonts=&#8221;yes&#8221;][vc_column_text]Tatiliniz veya i\u015f seyahatiniz i\u00e7in transfer hizmetine ihtiyac\u0131n\u0131z varsa veya hizmet ihtiya\u00e7lar\u0131n\u0131z\u0131 kolay ve g\u00fcvenli bir \u015fekilde kar\u015f\u0131layacak ve sizi ihtiyac\u0131n\u0131z olan yere g\u00f6t\u00fcrecektir. Antalya ve Gazipa\u015fa havalimanlar\u0131na gidi\u015f-d\u00f6n\u00fc\u015f seyahatleriniz i\u00e7in rezervasyonlar web sitemiz \u00fczerinden yap\u0131lmaktad\u0131r. Orta\u011f\u0131m\u0131z, transfer \u015firketleri i\u00e7in zorunlu olan t\u00fcm izinlere ve sigortalara (ara\u00e7, [&hellip;]<\/p>\n","protected":false},"author":5,"featured_media":0,"parent":0,"menu_order":0,"comment_status":"closed","ping_status":"closed","template":"","meta":{"inline_featured_image":false,"footnotes":""},"class_list":["post-49562","page","type-page","status-publish","hentry"],"_links":{"self":[{"href":"https:\/\/thetelegraph.com.tr\/tr\/wp-json\/wp\/v2\/pages\/49562","targetHints":{"allow":["GET"]}}],"collection":[{"href":"https:\/\/thetelegraph.com.tr\/tr\/wp-json\/wp\/v2\/pages"}],"about":[{"href":"https:\/\/thetelegraph.com.tr\/tr\/wp-json\/wp\/v2\/types\/page"}],"author":[{"embeddable":true,"href":"https:\/\/thetelegraph.com.tr\/tr\/wp-json\/wp\/v2\/users\/5"}],"replies":[{"embeddable":true,"href":"https:\/\/thetelegraph.com.tr\/tr\/wp-json\/wp\/v2\/comments?post=49562"}],"version-history":[{"count":3,"href":"https:\/\/thetelegraph.com.tr\/tr\/wp-json\/wp\/v2\/pages\/49562\/revisions"}],"predecessor-version":[{"id":49573,"href":"https:\/\/thetelegraph.com.tr\/tr\/wp-json\/wp\/v2\/pages\/49562\/revisions\/49573"}],"wp:attachment":[{"href":"https:\/\/thetelegraph.com.tr\/tr\/wp-json\/wp\/v2\/media?parent=49562"}],"curies":[{"name":"wp","href":"https:\/\/api.w.org\/{rel}","templated":true}]}}