{"id":49639,"date":"2025-03-23T16:50:46","date_gmt":"2025-03-23T13:50:46","guid":{"rendered":"https:\/\/thetelegraph.com.tr\/?page_id=49639"},"modified":"2025-04-18T14:49:00","modified_gmt":"2025-04-18T11:49:00","slug":"house-care-service-package","status":"publish","type":"page","link":"https:\/\/thetelegraph.com.tr\/tr\/house-care-service-package\/","title":{"rendered":"Ev Bakim Hi\u0307zmeti\u0307 &#038; Paketleri\u0307"},"content":{"rendered":"<p>[vc_row][vc_column][vc_custom_heading text=&#8221;EV BAKIM H\u0130ZMET\u0130 &amp; PAKET\u0130&#8221; font_container=&#8221;tag:h2|text_align:center&#8221; use_theme_fonts=&#8221;yes&#8221; el_class=&#8221;gold-header&#8221;][vc_column_text el_class=&#8221;gold-sub-header&#8221;]<\/p>\n<h3 class=\"tbk__title kl-font-alt fw-semibold dark-gray\" style=\"text-align: center;\">EV BAKIMI \u0130\u00c7\u0130N S\u0130ZLERE H\u0130ZMET VER\u0130YORUZ<\/h3>\n<h4 class=\"tbk__subtitle fw-thin\" style=\"text-align: center;\">T\u00fcm hizmetlerimizde tek ileti\u015fim noktan\u0131z olaca\u011f\u0131z, kimi arayaca\u011f\u0131n\u0131z\u0131 d\u00fc\u015f\u00fcnmenize gerek kalmayacak; her \u015feyi biz \u00e7\u00f6zece\u011fiz.<\/h4>\n<p>[\/vc_column_text][\/vc_column][\/vc_row][vc_row][vc_column width=&#8221;1\/3&#8243;]<style>\r\n\r\n.style3 .apaw-pricing-inner .head_bg.border-color-40408 {\r\n    \r\n\tborder-color: rgba(0, 0, 0, 0) rgba(0, 0, 0, 0)  !important;}\r\n\r\n\r\n\r\n<\/style>\r\n<div id=\"apaw-40408\" class=\"apaw-pricing-wrapper preset1  style2  \">\r\n    <div class=\"apaw-pricing-inner\">\r\n        <div class=\"apaw-pricing-header recommendstyle2\">\r\n            \t\t\t             <div class=\"apaw-pricing-holder\">\r\n                                    <h3 class=\"apaw-pricing-title\" style=\"\">TEMEL PAKET<\/h3> \r\n                                            <\/div>\r\n            <div class=\"apaw-pricing-meta border-color-40408\" style=\"\">\r\n                <div class=\"apaw-pricing-circle-40408 \">\r\n\t\t\t\t<span class=\"apaw-pricing-price\" style=\"\">\r\n                    \u20ba 10.000  \r\n                <\/span>\r\n                <span class=\"apaw-pricing-time\" style=\"\">\r\n                    \/ YEARLY  \r\n                <\/span>\r\n            <\/div>\r\n\t\t\t<\/div>\r\n        <\/div>\r\n        <div class=\"apaw-pricing-body\">\r\n                            <ul class=\"apaw-pricing-content\">\r\n                                            <li class=\"active\"> <i class=\"\"  style=\"color:;\"><\/i>Mevduat Hesab\u0131<\/li>\r\n                                            <li class=\"active\"> <i class=\"\"  style=\"color:;\"><\/i>\u00c7evrimi\u00e7i Hesap<\/li>\r\n                                            <li class=\"active\"> <i class=\"\"  style=\"color:;\"><\/i>G\u00fcvenli anahtar tutma<\/li>\r\n                                            <li class=\"active\"> <i class=\"\"  style=\"color:;\"><\/i>Ayl\u0131k elektrik faturalar\u0131n\u0131n \u00f6denmesi<\/li>\r\n                                            <li class=\"active\"> <i class=\"\"  style=\"color:;\"><\/i>Ayl\u0131k su faturalar\u0131n\u0131n \u00f6denmesi<\/li>\r\n                                            <li class=\"active\"> <i class=\"\"  style=\"color:;\"><\/i>Ayl\u0131k internet faturalar\u0131n\u0131n \u00f6denmesi<\/li>\r\n                                            <li class=\"active\"> <i class=\"\"  style=\"color:;\"><\/i>Ayl\u0131k telefon faturalar\u0131n\u0131n \u00f6denmesi<\/li>\r\n                                            <li class=\"active\"> <i class=\"\"  style=\"color:;\"><\/i>Sigorta hizmetleri<\/li>\r\n                                            <li class=\"active\"> <i class=\"\"  style=\"color:;\"><\/i>Sigorta ve sigorta, d\u00fczenli olarak yenilenir<\/li>\r\n                                            <li class=\"active\"> <i class=\"\"  style=\"color:;\"><\/i>Vergilerin d\u00fczenli \u00f6denmesi<\/li>\r\n                                            <li class=\"active\"> <i class=\"\"  style=\"color:;\"><\/i>Y\u00f6netim \u00fccretlerinin \u00f6denmesi<\/li>\r\n                                            <li class=\"active\"> <i class=\"\"  style=\"color:;\"><\/i>360 g\u00fcnl\u00fck yard\u0131m<\/li>\r\n                                            <li class=\"active\"> <i class=\"\"  style=\"color:;\"><\/i>Doktor \/ Hastane<\/li>\r\n                                            <li class=\"active\"> <i class=\"\"  style=\"color:;\"><\/i>-<\/li>\r\n                                            <li class=\"active\"> <i class=\"\"  style=\"color:;\"><\/i>-<\/li>\r\n                                            <li class=\"active\"> <i class=\"\"  style=\"color:;\"><\/i>-<\/li>\r\n                                            <li class=\"active\"> <i class=\"\"  style=\"color:;\"><\/i>-<\/li>\r\n                                            <li class=\"active\"> <i class=\"\"  style=\"color:;\"><\/i>-<\/li>\r\n                                    <\/ul>\r\n                                        <div class=\"apaw-pricing-button btnstyle3 btnshadow-40408\">\r\n                    <a class=\"btn-40408\" href=\"https:\/\/thetelegraph.com.tr\/contact\/\" target=\"_self\">\r\n                        \u015e\u0130MD\u0130 S\u0130PAR\u0130\u015e VER                    <\/a>\r\n                <\/div>\r\n                    <\/div>\r\n    <\/div>\r\n<\/div>\r\n\r\n    [\/vc_column][vc_column width=&#8221;1\/3&#8243;]<style>\r\n\r\n.style3 .apaw-pricing-inner .head_bg.border-color-60064 {\r\n    \r\n\tborder-color: rgba(0, 0, 0, 0) rgba(0, 0, 0, 0)  !important;}\r\n\r\n\r\n\r\n<\/style>\r\n<div id=\"apaw-60064\" class=\"apaw-pricing-wrapper preset1  style2  \">\r\n    <div class=\"apaw-pricing-inner\">\r\n        <div class=\"apaw-pricing-header recommendstyle2\">\r\n            \t\t\t             <div class=\"apaw-pricing-holder\">\r\n                                    <h3 class=\"apaw-pricing-title\" style=\"\">G\u00dcM\u00dc\u015e PAKET<\/h3> \r\n                                            <\/div>\r\n            <div class=\"apaw-pricing-meta border-color-60064\" style=\"\">\r\n                <div class=\"apaw-pricing-circle-60064 \">\r\n\t\t\t\t<span class=\"apaw-pricing-price\" style=\"\">\r\n                    \u20ba 15.000  \r\n                <\/span>\r\n                <span class=\"apaw-pricing-time\" style=\"\">\r\n                    \/ YILLIK  \r\n                <\/span>\r\n            <\/div>\r\n\t\t\t<\/div>\r\n        <\/div>\r\n        <div class=\"apaw-pricing-body\">\r\n                            <ul class=\"apaw-pricing-content\">\r\n                                            <li class=\"active\"> <i class=\"\"  style=\"color:;\"><\/i>Mevduat Hesab\u0131<\/li>\r\n                                            <li class=\"active\"> <i class=\"\"  style=\"color:;\"><\/i>\u00c7evrimi\u00e7i Hesap<\/li>\r\n                                            <li class=\"active\"> <i class=\"\"  style=\"color:;\"><\/i>G\u00fcvenli anahtar tutma<\/li>\r\n                                            <li class=\"active\"> <i class=\"\"  style=\"color:;\"><\/i>Elektrik faturalar\u0131n\u0131n \u00f6denmesi<\/li>\r\n                                            <li class=\"active\"> <i class=\"\"  style=\"color:;\"><\/i>Su faturalar\u0131n\u0131n \u00f6denmesi<\/li>\r\n                                            <li class=\"active\"> <i class=\"\"  style=\"color:;\"><\/i>\u0130nternet fatura \u00f6demeleri<\/li>\r\n                                            <li class=\"active\"> <i class=\"\"  style=\"color:;\"><\/i>Telefon faturalar\u0131n\u0131n \u00f6denmesi<\/li>\r\n                                            <li class=\"active\"> <i class=\"\"  style=\"color:;\"><\/i>Sigorta hizmetleri<\/li>\r\n                                            <li class=\"active\"> <i class=\"\"  style=\"color:;\"><\/i>Sigorta ve sigorta, d\u00fczenli olarak yenilenir<\/li>\r\n                                            <li class=\"active\"> <i class=\"\"  style=\"color:;\"><\/i>Vergilerin d\u00fczenli \u00f6denmesi<\/li>\r\n                                            <li class=\"active\"> <i class=\"\"  style=\"color:;\"><\/i>Y\u00f6netim \u00fccretlerinin \u00f6denmesi<\/li>\r\n                                            <li class=\"active\"> <i class=\"\"  style=\"color:;\"><\/i>360 g\u00fcnl\u00fck yard\u0131m<\/li>\r\n                                            <li class=\"active\"> <i class=\"\"  style=\"color:;\"><\/i>Doktor \/ Hastane<\/li>\r\n                                            <li class=\"active\"> <i class=\"\"  style=\"color:;\"><\/i>Ayl\u0131k 2 Kez Yay\u0131n Hizmeti<\/li>\r\n                                            <li class=\"active\"> <i class=\"\"  style=\"color:;\"><\/i>Y\u0131lda 1 kez \u00fccretsiz anahtar de\u011fi\u015fimi<\/li>\r\n                                            <li class=\"active\"> <i class=\"\"  style=\"color:;\"><\/i>B\u00f6cek ila\u00e7lamas\u0131 y\u0131lda 1 kez<\/li>\r\n                                            <li class=\"active\"> <i class=\"\"  style=\"color:;\"><\/i>-<\/li>\r\n                                            <li class=\"active\"> <i class=\"\"  style=\"color:;\"><\/i>Klima Temizli\u011fi 2 adet y\u0131ll\u0131k \u00fccretsiz<\/li>\r\n                                    <\/ul>\r\n                                        <div class=\"apaw-pricing-button btnstyle3 btnshadow-60064\">\r\n                    <a class=\"btn-60064\" href=\"https:\/\/thetelegraph.com.tr\/contact\/\" target=\"_self\">\r\n                        \u015e\u0130MD\u0130 S\u0130PAR\u0130\u015e VER                    <\/a>\r\n                <\/div>\r\n                    <\/div>\r\n    <\/div>\r\n<\/div>\r\n\r\n    [\/vc_column][vc_column width=&#8221;1\/3&#8243;]<style>\r\n\r\n.style3 .apaw-pricing-inner .head_bg.border-color-61602 {\r\n    \r\n\tborder-color: rgba(0, 0, 0, 0) rgba(0, 0, 0, 0)  !important;}\r\n\r\n\r\n\r\n<\/style>\r\n<div id=\"apaw-61602\" class=\"apaw-pricing-wrapper preset1  style2  \">\r\n    <div class=\"apaw-pricing-inner\">\r\n        <div class=\"apaw-pricing-header recommendstyle2\">\r\n            \t\t\t             <div class=\"apaw-pricing-holder\">\r\n                                    <h3 class=\"apaw-pricing-title\" style=\"\">ALTIN PAKET<\/h3> \r\n                                            <\/div>\r\n            <div class=\"apaw-pricing-meta border-color-61602\" style=\"\">\r\n                <div class=\"apaw-pricing-circle-61602 \">\r\n\t\t\t\t<span class=\"apaw-pricing-price\" style=\"\">\r\n                    \u20ba 20.000  \r\n                <\/span>\r\n                <span class=\"apaw-pricing-time\" style=\"\">\r\n                    \/ YILLIK  \r\n                <\/span>\r\n            <\/div>\r\n\t\t\t<\/div>\r\n        <\/div>\r\n        <div class=\"apaw-pricing-body\">\r\n                            <ul class=\"apaw-pricing-content\">\r\n                                            <li class=\"active\"> <i class=\"\"  style=\"color:;\"><\/i>Mevduat Hesab\u0131<\/li>\r\n                                            <li class=\"active\"> <i class=\"\"  style=\"color:;\"><\/i>\u00c7evrimi\u00e7i Hesap<\/li>\r\n                                            <li class=\"active\"> <i class=\"\"  style=\"color:;\"><\/i>G\u00fcvenli anahtar tutma<\/li>\r\n                                            <li class=\"active\"> <i class=\"\"  style=\"color:;\"><\/i>Ayl\u0131k elektrik faturalar\u0131n\u0131n \u00f6denmesi<\/li>\r\n                                            <li class=\"active\"> <i class=\"\"  style=\"color:;\"><\/i>Ayl\u0131k su faturalar\u0131n\u0131n \u00f6denmesi<\/li>\r\n                                            <li class=\"active\"> <i class=\"\"  style=\"color:;\"><\/i>Ayl\u0131k internet faturalar\u0131n\u0131n \u00f6denmesi<\/li>\r\n                                            <li class=\"active\"> <i class=\"\"  style=\"color:;\"><\/i>Ayl\u0131k telefon faturalar\u0131n\u0131n \u00f6denmesi<\/li>\r\n                                            <li class=\"active\"> <i class=\"\"  style=\"color:;\"><\/i>Sigorta hizmetleri<\/li>\r\n                                            <li class=\"active\"> <i class=\"\"  style=\"color:;\"><\/i>Sigorta ve sigorta, d\u00fczenli olarak yenilenir<\/li>\r\n                                            <li class=\"active\"> <i class=\"\"  style=\"color:;\"><\/i>Vergilerin d\u00fczenli \u00f6denmesi<\/li>\r\n                                            <li class=\"active\"> <i class=\"\"  style=\"color:;\"><\/i>Y\u00f6netim \u00fccretlerinin \u00f6denmesi<\/li>\r\n                                            <li class=\"active\"> <i class=\"\"  style=\"color:;\"><\/i>360 g\u00fcnl\u00fck yard\u0131m<\/li>\r\n                                            <li class=\"active\"> <i class=\"\"  style=\"color:;\"><\/i>Doktor \/ Hastane<\/li>\r\n                                            <li class=\"active\"> <i class=\"\"  style=\"color:;\"><\/i>Ayl\u0131k 2 Saatlik yay\u0131n hizmeti<\/li>\r\n                                            <li class=\"active\"> <i class=\"\"  style=\"color:;\"><\/i>Y\u0131lda 1 kez \u00fccretsiz anahtar de\u011fi\u015fimi<\/li>\r\n                                            <li class=\"active\"> <i class=\"\"  style=\"color:;\"><\/i>Y\u0131lda 2 kez \u00fccretsiz b\u00f6cek ila\u00e7lama<\/li>\r\n                                            <li class=\"active\"> <i class=\"\"  style=\"color:;\"><\/i>Hediye -Alanyaspor Pasolig kart\u0131 2 adet<\/li>\r\n                                            <li class=\"active\"> <i class=\"\"  style=\"color:;\"><\/i>Klima Temizli\u011fi 4 adet y\u0131ll\u0131k \u00fccretsiz<\/li>\r\n                                    <\/ul>\r\n                                        <div class=\"apaw-pricing-button btnstyle3 btnshadow-61602\">\r\n                    <a class=\"btn-61602\" href=\"https:\/\/thetelegraph.com.tr\/contact\/\" target=\"_self\">\r\n                        \u015e\u0130MD\u0130 S\u0130PAR\u0130\u015e VER                    <\/a>\r\n                <\/div>\r\n                    <\/div>\r\n    <\/div>\r\n<\/div>\r\n\r\n    [\/vc_column][\/vc_row][vc_row][vc_column][vc_empty_space height=&#8221;50px&#8221;][\/vc_column][\/vc_row][vc_row][vc_column width=&#8221;1\/3&#8243;][vc_column_text el_class=&#8221;border-left-gold&#8221;]\u00dccretli hizmet (* T\u00fcm Paket)<\/p>\n<p>Havaalan\u0131 Transferi<br \/>\nEv Temizli\u011fi<br \/>\nIptv Tv hizmeti<br \/>\nDaire Tadilat\u0131<br \/>\nDaire Dekorasyonu[\/vc_column_text][\/vc_column][vc_column width=&#8221;1\/3&#8243;][vc_column_text el_class=&#8221;border-left-gold&#8221;]\u00dccretli hizmet (* T\u00fcm paketler)<\/p>\n<p>G\u00fcne\u015f Enerjili Is\u0131tma Sistemi bak\u0131m\u0131<br \/>\nSu \u0131s\u0131t\u0131c\u0131s\u0131n\u0131n rezistans bak\u0131m\u0131<br \/>\nKlima bak\u0131m\u0131<br \/>\nMobilya montaj\u0131<br \/>\nSu sebilinin d\u00fczenli temizli\u011fi[\/vc_column_text][\/vc_column][vc_column width=&#8221;1\/3&#8243;][vc_column_text el_class=&#8221;border-left-gold&#8221;]\u00dccretli hizmet (* T\u00fcm paketler)<\/p>\n<p>\u0130kamet \u0130zni<br \/>\nAbonelik Hizmeti<br \/>\nMiras Belgesi<br \/>\nEtkinlik Organizasyonu<br \/>\n\u015ei\u015felenmi\u015f Su[\/vc_column_text][\/vc_column][\/vc_row]<\/p>","protected":false},"excerpt":{"rendered":"<p>[vc_row][vc_column][vc_custom_heading text=&#8221;EV BAKIM H\u0130ZMET\u0130 &amp; PAKET\u0130&#8221; font_container=&#8221;tag:h2|text_align:center&#8221; use_theme_fonts=&#8221;yes&#8221; el_class=&#8221;gold-header&#8221;][vc_column_text el_class=&#8221;gold-sub-header&#8221;] EV BAKIMI \u0130\u00c7\u0130N S\u0130ZLERE H\u0130ZMET VER\u0130YORUZ T\u00fcm hizmetlerimizde tek ileti\u015fim noktan\u0131z olaca\u011f\u0131z, kimi arayaca\u011f\u0131n\u0131z\u0131 d\u00fc\u015f\u00fcnmenize gerek kalmayacak; her \u015feyi biz \u00e7\u00f6zece\u011fiz. [\/vc_column_text][\/vc_column][\/vc_row][vc_row][vc_column width=&#8221;1\/3&#8243;][\/vc_column][vc_column width=&#8221;1\/3&#8243;][\/vc_column][vc_column width=&#8221;1\/3&#8243;][\/vc_column][\/vc_row][vc_row][vc_column][vc_empty_space height=&#8221;50px&#8221;][\/vc_column][\/vc_row][vc_row][vc_column width=&#8221;1\/3&#8243;][vc_column_text el_class=&#8221;border-left-gold&#8221;]\u00dccretli hizmet (* T\u00fcm Paket) Havaalan\u0131 Transferi Ev Temizli\u011fi Iptv Tv hizmeti Daire Tadilat\u0131 Daire Dekorasyonu[\/vc_column_text][\/vc_column][vc_column width=&#8221;1\/3&#8243;][vc_column_text el_class=&#8221;border-left-gold&#8221;]\u00dccretli [&hellip;]<\/p>\n","protected":false},"author":5,"featured_media":0,"parent":0,"menu_order":0,"comment_status":"closed","ping_status":"closed","template":"","meta":{"inline_featured_image":false,"footnotes":""},"class_list":["post-49639","page","type-page","status-publish","hentry"],"_links":{"self":[{"href":"https:\/\/thetelegraph.com.tr\/tr\/wp-json\/wp\/v2\/pages\/49639","targetHints":{"allow":["GET"]}}],"collection":[{"href":"https:\/\/thetelegraph.com.tr\/tr\/wp-json\/wp\/v2\/pages"}],"about":[{"href":"https:\/\/thetelegraph.com.tr\/tr\/wp-json\/wp\/v2\/types\/page"}],"author":[{"embeddable":true,"href":"https:\/\/thetelegraph.com.tr\/tr\/wp-json\/wp\/v2\/users\/5"}],"replies":[{"embeddable":true,"href":"https:\/\/thetelegraph.com.tr\/tr\/wp-json\/wp\/v2\/comments?post=49639"}],"version-history":[{"count":3,"href":"https:\/\/thetelegraph.com.tr\/tr\/wp-json\/wp\/v2\/pages\/49639\/revisions"}],"predecessor-version":[{"id":49963,"href":"https:\/\/thetelegraph.com.tr\/tr\/wp-json\/wp\/v2\/pages\/49639\/revisions\/49963"}],"wp:attachment":[{"href":"https:\/\/thetelegraph.com.tr\/tr\/wp-json\/wp\/v2\/media?parent=49639"}],"curies":[{"name":"wp","href":"https:\/\/api.w.org\/{rel}","templated":true}]}}